{"id":10,"date":"2025-07-29T19:24:14","date_gmt":"2025-07-29T19:24:14","guid":{"rendered":"https:\/\/refil.com.ar\/test\/?page_id=10"},"modified":"2025-07-30T03:15:24","modified_gmt":"2025-07-30T03:15:24","slug":"asistencia-tecnica","status":"publish","type":"page","link":"https:\/\/refil.com.ar\/test\/asistencia-tecnica\/","title":{"rendered":"ASISTENCIA T\u00c9CNICA"},"content":{"rendered":"<p><img decoding=\"async\" class=\"img-responsive-center\" title=\"Asistencia T\u00e9cnica\" src=\"https:\/\/refil.com.ar\/images\/foto-asistencia-tecnica.jpg\" alt=\"Asistencia T\u00e9cnica\" \/><\/p>\n<h4>El personal de ventas y los Distribuidores de Refil S.A. pueden brindar excelente asistencia t\u00e9cnica a clientes y futuros clientes sobre todos los productos que vende la empresa y sobre la correcta selecci\u00f3n de tipo y grado para cada aplicaci\u00f3n.<\/h4>\n<p>En el caso de Tratamiento de Fluidos (Filtraci\u00f3n, Decoloraci\u00f3n, Purificaci\u00f3n, etc.) para resolver un caso que no sea de rutina deben realizarse ensayos, ya que es imposible predecir el resultado de una filtraci\u00f3n o de una decoloraci\u00f3n bas\u00e1ndose solamente en las propiedades del fluido a tratar y del producto a utilizar. El personal de Refil S.A. puede colaborar con el cliente para la realizaci\u00f3n de estos ensayos, tanto de laboratorio como de planta.<\/p>\n<p>En el caso de los Materiales Refractarios, la asistencia t\u00e9cnica incluye asesoramiento sobre el tipo y grado del material refractario a utilizar en cada caso, los c\u00e1lculos t\u00e9rmicos necesarios, e instrucciones sobre la forma correcta de instalar cada producto.<\/p>\n","protected":false},"excerpt":{"rendered":"<p>El personal de ventas y los Distribuidores de Refil S.A. pueden brindar excelente asistencia t\u00e9cnica a clientes y futuros clientes [&hellip;]<\/p>\n","protected":false},"author":1,"featured_media":0,"parent":0,"menu_order":0,"comment_status":"closed","ping_status":"closed","template":"","meta":{"site-sidebar-layout":"default","site-content-layout":"","ast-site-content-layout":"default","site-content-style":"default","site-sidebar-style":"default","ast-global-header-display":"","ast-banner-title-visibility":"","ast-main-header-display":"disabled","ast-hfb-above-header-display":"","ast-hfb-below-header-display":"","ast-hfb-mobile-header-display":"disabled","site-post-title":"disabled","ast-breadcrumbs-content":"","ast-featured-img":"","footer-sml-layout":"disabled","theme-transparent-header-meta":"default","adv-header-id-meta":"","stick-header-meta":"","header-above-stick-meta":"","header-main-stick-meta":"","header-below-stick-meta":"","astra-migrate-meta-layouts":"set","ast-page-background-enabled":"default","ast-page-background-meta":{"desktop":{"background-color":"var(--ast-global-color-5)","background-image":"","background-repeat":"repeat","background-position":"center center","background-size":"auto","background-attachment":"scroll","background-type":"","background-media":"","overlay-type":"","overlay-color":"","overlay-opacity":"","overlay-gradient":""},"tablet":{"background-color":"","background-image":"","background-repeat":"repeat","background-position":"center center","background-size":"auto","background-attachment":"scroll","background-type":"","background-media":"","overlay-type":"","overlay-color":"","overlay-opacity":"","overlay-gradient":""},"mobile":{"background-color":"","background-image":"","background-repeat":"repeat","background-position":"center center","background-size":"auto","background-attachment":"scroll","background-type":"","background-media":"","overlay-type":"","overlay-color":"","overlay-opacity":"","overlay-gradient":""}},"ast-content-background-meta":{"desktop":{"background-color":"var(--ast-global-color-4)","background-image":"","background-repeat":"repeat","background-position":"center center","background-size":"auto","background-attachment":"scroll","background-type":"","background-media":"","overlay-type":"","overlay-color":"","overlay-opacity":"","overlay-gradient":""},"tablet":{"background-color":"var(--ast-global-color-4)","background-image":"","background-repeat":"repeat","background-position":"center center","background-size":"auto","background-attachment":"scroll","background-type":"","background-media":"","overlay-type":"","overlay-color":"","overlay-opacity":"","overlay-gradient":""},"mobile":{"background-color":"var(--ast-global-color-4)","background-image":"","background-repeat":"repeat","background-position":"center center","background-size":"auto","background-attachment":"scroll","background-type":"","background-media":"","overlay-type":"","overlay-color":"","overlay-opacity":"","overlay-gradient":""}},"footnotes":""},"class_list":["post-10","page","type-page","status-publish","hentry"],"_links":{"self":[{"href":"https:\/\/refil.com.ar\/test\/wp-json\/wp\/v2\/pages\/10","targetHints":{"allow":["GET"]}}],"collection":[{"href":"https:\/\/refil.com.ar\/test\/wp-json\/wp\/v2\/pages"}],"about":[{"href":"https:\/\/refil.com.ar\/test\/wp-json\/wp\/v2\/types\/page"}],"author":[{"embeddable":true,"href":"https:\/\/refil.com.ar\/test\/wp-json\/wp\/v2\/users\/1"}],"replies":[{"embeddable":true,"href":"https:\/\/refil.com.ar\/test\/wp-json\/wp\/v2\/comments?post=10"}],"version-history":[{"count":3,"href":"https:\/\/refil.com.ar\/test\/wp-json\/wp\/v2\/pages\/10\/revisions"}],"predecessor-version":[{"id":86,"href":"https:\/\/refil.com.ar\/test\/wp-json\/wp\/v2\/pages\/10\/revisions\/86"}],"wp:attachment":[{"href":"https:\/\/refil.com.ar\/test\/wp-json\/wp\/v2\/media?parent=10"}],"curies":[{"name":"wp","href":"https:\/\/api.w.org\/{rel}","templated":true}]}}