{"id":18,"date":"2025-07-29T19:35:41","date_gmt":"2025-07-29T19:35:41","guid":{"rendered":"https:\/\/refil.com.ar\/test\/?page_id=18"},"modified":"2025-12-15T19:43:17","modified_gmt":"2025-12-15T19:43:17","slug":"novedades","status":"publish","type":"page","link":"https:\/\/refil.com.ar\/test\/novedades\/","title":{"rendered":"NOVEDADES"},"content":{"rendered":"<h1 class=\"ellipsis maxlines-3 event-title\" style=\"text-align: center;\"><strong>Nueva l\u00ednea de productos Imerys\u00ae<\/strong><\/h1>\n<p>&nbsp;<\/p>\n<p><img loading=\"lazy\" decoding=\"async\" class=\"aligncenter wp-image-210\" src=\"https:\/\/refil.com.ar\/test\/wp-content\/uploads\/2025\/11\/MINERALES-PARA-AGRO-IMERYS-407-x-300-px-407-x-200-px-300x147.png\" alt=\"\" width=\"729\" height=\"357\" srcset=\"https:\/\/refil.com.ar\/test\/wp-content\/uploads\/2025\/11\/MINERALES-PARA-AGRO-IMERYS-407-x-300-px-407-x-200-px-300x147.png 300w, https:\/\/refil.com.ar\/test\/wp-content\/uploads\/2025\/11\/MINERALES-PARA-AGRO-IMERYS-407-x-300-px-407-x-200-px.png 407w\" sizes=\"auto, (max-width: 729px) 100vw, 729px\" \/><\/p>\n<p>&nbsp;<\/p>\n<p>Incorporamos una nueva l\u00ednea de productos <strong>Imerys\u00ae<\/strong> orientada al sector <strong>agr\u00edcola, hort\u00edcola y de nutrici\u00f3n animal<\/strong>, fortaleciendo as\u00ed nuestro compromiso de ofrecer <strong>soluciones minerales naturales de alto rendimiento<\/strong> para la producci\u00f3n sustentable.<\/p>\n<p>Para el sector agr\u00edcola y hort\u00edcola, estos minerales contribuyen a <strong>mejorar la productividad y la eficiencia<\/strong> en distintos cultivos, aportando m\u00faltiples beneficios a lo largo del ciclo productivo.<\/p>\n<p>Se pueden utilizar como:<\/p>\n<ul>\n<li>\u25ef Aditivos para el procesamiento de fertilizantes<\/li>\n<li>\u25ef Recubrimiento para semillas<\/li>\n<li>\u25ef\u00a0 Mejoradores de suelo<\/li>\n<li>\u25ef Procesamiento de cultivos (clasificaci\u00f3n de hortalizas de ra\u00edz)<\/li>\n<li>\u25ef Protecci\u00f3n en el almacenamiento de granos<\/li>\n<li>\u25ef Insecticidas mec\u00e1nicos<\/li>\n<li>\u25ef Protecci\u00f3n de plantas contra cambios clim\u00e1ticos y altas temperaturas<\/li>\n<\/ul>\n<p>Para el sector animal, estos minerales se utilizan principalmente para brindar los siguientes beneficios:<\/p>\n<ul>\n<li>\u25ef Antiapelmazante de alimentos balanceados<\/li>\n<li>\u25ef Evita formaci\u00f3n de grumos<\/li>\n<li>\u25ef Carrier de aditivos nutricionales, funcionando como pre y probi\u00f3ticos y mejorando la digesti\u00f3n de los animales<\/li>\n<li>\u25ef Controla el olor y humedad de las camas aviares<\/li>\n<\/ul>\n<p>&nbsp;<\/p>\n<p>Descubr\u00ed m\u00e1s en la secci\u00f3n Productos \u2192 <a href=\"https:\/\/refil.com.ar\/productos-minerales-agro.php\">Minerales para Agro (Imerys\u00ae)<\/a>.<\/p>\n<p>&nbsp;<\/p>\n<p>&nbsp;<\/p>\n<p>&nbsp;<\/p>\n","protected":false},"excerpt":{"rendered":"<p>Nueva l\u00ednea de productos Imerys\u00ae &nbsp; &nbsp; Incorporamos una nueva l\u00ednea de productos Imerys\u00ae orientada al sector agr\u00edcola, hort\u00edcola y [&hellip;]<\/p>\n","protected":false},"author":1,"featured_media":0,"parent":0,"menu_order":0,"comment_status":"closed","ping_status":"closed","template":"","meta":{"site-sidebar-layout":"default","site-content-layout":"","ast-site-content-layout":"default","site-content-style":"default","site-sidebar-style":"default","ast-global-header-display":"","ast-banner-title-visibility":"","ast-main-header-display":"disabled","ast-hfb-above-header-display":"","ast-hfb-below-header-display":"","ast-hfb-mobile-header-display":"disabled","site-post-title":"disabled","ast-breadcrumbs-content":"","ast-featured-img":"","footer-sml-layout":"disabled","theme-transparent-header-meta":"default","adv-header-id-meta":"","stick-header-meta":"","header-above-stick-meta":"","header-main-stick-meta":"","header-below-stick-meta":"","astra-migrate-meta-layouts":"set","ast-page-background-enabled":"default","ast-page-background-meta":{"desktop":{"background-color":"var(--ast-global-color-5)","background-image":"","background-repeat":"repeat","background-position":"center center","background-size":"auto","background-attachment":"scroll","background-type":"","background-media":"","overlay-type":"","overlay-color":"","overlay-opacity":"","overlay-gradient":""},"tablet":{"background-color":"","background-image":"","background-repeat":"repeat","background-position":"center center","background-size":"auto","background-attachment":"scroll","background-type":"","background-media":"","overlay-type":"","overlay-color":"","overlay-opacity":"","overlay-gradient":""},"mobile":{"background-color":"","background-image":"","background-repeat":"repeat","background-position":"center center","background-size":"auto","background-attachment":"scroll","background-type":"","background-media":"","overlay-type":"","overlay-color":"","overlay-opacity":"","overlay-gradient":""}},"ast-content-background-meta":{"desktop":{"background-color":"var(--ast-global-color-4)","background-image":"","background-repeat":"repeat","background-position":"center center","background-size":"auto","background-attachment":"scroll","background-type":"","background-media":"","overlay-type":"","overlay-color":"","overlay-opacity":"","overlay-gradient":""},"tablet":{"background-color":"var(--ast-global-color-4)","background-image":"","background-repeat":"repeat","background-position":"center center","background-size":"auto","background-attachment":"scroll","background-type":"","background-media":"","overlay-type":"","overlay-color":"","overlay-opacity":"","overlay-gradient":""},"mobile":{"background-color":"var(--ast-global-color-4)","background-image":"","background-repeat":"repeat","background-position":"center center","background-size":"auto","background-attachment":"scroll","background-type":"","background-media":"","overlay-type":"","overlay-color":"","overlay-opacity":"","overlay-gradient":""}},"footnotes":""},"class_list":["post-18","page","type-page","status-publish","hentry"],"_links":{"self":[{"href":"https:\/\/refil.com.ar\/test\/wp-json\/wp\/v2\/pages\/18","targetHints":{"allow":["GET"]}}],"collection":[{"href":"https:\/\/refil.com.ar\/test\/wp-json\/wp\/v2\/pages"}],"about":[{"href":"https:\/\/refil.com.ar\/test\/wp-json\/wp\/v2\/types\/page"}],"author":[{"embeddable":true,"href":"https:\/\/refil.com.ar\/test\/wp-json\/wp\/v2\/users\/1"}],"replies":[{"embeddable":true,"href":"https:\/\/refil.com.ar\/test\/wp-json\/wp\/v2\/comments?post=18"}],"version-history":[{"count":18,"href":"https:\/\/refil.com.ar\/test\/wp-json\/wp\/v2\/pages\/18\/revisions"}],"predecessor-version":[{"id":248,"href":"https:\/\/refil.com.ar\/test\/wp-json\/wp\/v2\/pages\/18\/revisions\/248"}],"wp:attachment":[{"href":"https:\/\/refil.com.ar\/test\/wp-json\/wp\/v2\/media?parent=18"}],"curies":[{"name":"wp","href":"https:\/\/api.w.org\/{rel}","templated":true}]}}