{"id":26,"date":"2025-07-29T19:53:02","date_gmt":"2025-07-29T19:53:02","guid":{"rendered":"https:\/\/refil.com.ar\/test\/?page_id=26"},"modified":"2025-08-14T16:43:24","modified_gmt":"2025-08-14T16:43:24","slug":"productos-arcillas-decolorantes","status":"publish","type":"page","link":"https:\/\/refil.com.ar\/test\/productos-arcillas-decolorantes\/","title":{"rendered":"PRODUCTOS ARCILLAS DECOLORANTES"},"content":{"rendered":"<h2>Generalidades<\/h2>\n<h3>Remoci\u00f3n de sustancias e impurezas de los aceites comestibles.<\/h3>\n<p>El aceite vegetal sin refinar contiene una multitud de sustancias indeseadas. Las mismas pueden generar cambios de color, olor y sabor. Es necesario remover de los aceites todas las sustancias indeseadas, tales como gomas, cuerpos coloridos, per\u00f3xidos, metales pesados, preservando al mismo tiempo los nutrientes.<\/p>\n<p><img decoding=\"async\" class=\"img-responsive img-borde\" src=\"https:\/\/refil.com.ar\/images\/foto-productos-arcillas-decolorantes-generalidades-1.jpg\" alt=\"Generalidades\" \/><\/p>\n<h3>Una soluci\u00f3n natural para un producto natural<\/h3>\n<p>Con Tonsil \u2122, Clariant provee una soluci\u00f3n 100% natural y de alta eficiencia: arcillas decolorantes altamente activadas de origen natural que mejoran la calidad del aceite en forma sustancial.<\/p>\n<p>La arcilla decolorante Tonsil\u00a0<strong>\u2122<\/strong> derivada de bentonita natural tiene ese efecto purificador. Se produce a partir de la activaci\u00f3n \u00e1cida de la bentonita lo que genera cambios en su estructura laminar. El intercambio i\u00f3nico permite que agua adicional se ubique entre las laminillas generando el hinchamiento de la arcilla.<\/p>\n<p>De esta manera el \u00e1rea superficial se incrementa considerablemente. Esta activada e incrementada superficie de la arcilla es as\u00ed capaz de atrapar las sustancias indeseadas e impurezas del aceite.<\/p>\n<p><img decoding=\"async\" class=\"img-responsive img-derecha img-borde\" src=\"https:\/\/refil.com.ar\/images\/foto-productos-arcillas-decolorantes-generalidades-2.jpg\" alt=\"Generalidades\" \/><\/p>\n<h3>Beneficios<\/h3>\n<p>Haciendo una importante contribuci\u00f3n a la nutrici\u00f3n saludable en armon\u00eda con la naturaleza.<\/p>\n<ul class=\"fa-ul\">\n<li><i class=\"fa fa-li fa-circle-o\"><\/i> Aumenta la vida de g\u00f3ndola y las caracter\u00edsticas visuales del aceite.<\/li>\n<li><i class=\"fa fa-li fa-circle-o\"><\/i> Remueve sustancias no deseadas, a la vez que protege los nutrientes.<\/li>\n<li><i class=\"fa fa-li fa-circle-o\"><\/i> Soluci\u00f3n sustentable: material basado en recursos naturales.<\/li>\n<\/ul>\n<p>&nbsp;<\/p>\n<p><a name=\"proceso\"><\/a><\/p>\n<h2>Proceso de Activaci\u00f3n Arcillas Tonsil \u2122<\/h2>\n<p><img decoding=\"async\" class=\"img-responsive img-izquierda img-borde\" src=\"https:\/\/refil.com.ar\/images\/foto-productos-arcillas-decolorantes-proceso-1.jpg\" alt=\"Proceso de Activaci\u00f3n Arcillas Tonsil \u00ae\" \/><\/p>\n<p>La materia prima principal para nuestras arcillas decolorantes es una bentonita de naturaleza laminar llamada montmorillonita.<\/p>\n<p>Qu\u00edmicamente es un hidrosilicato de aluminio, portador de mol\u00e9culas de agua con iones de calcio.<\/p>\n<p>Este mineral es activado con un \u00e1cido mineral por medio de un cuidadoso tratamiento qu\u00edmico, con lo cual se aumenta la superficie interior de las laminillas que lo componen form\u00e1ndose centros \u00e1cidos activos.<\/p>\n<p>Despu\u00e9s del tratamiento con \u00e1cido, el mineral se lava y se controla su granulometr\u00eda para lograr productos de excelente permeabilidad.<\/p>\n<h3>Durante el proceso de activaci\u00f3n se optimizan las siguientes caracter\u00edsticas:<\/h3>\n<p>1. Se incrementa la capacidad de intercambio i\u00f3nico porque los iones de calcio unidos al exterior de las laminillas son substituidos por protones.<\/p>\n<p>2. <u>Los cristales de la montmorillonita adquieren una gran cantidad de centros \u00e1cidos.\u00a0<\/u><\/p>\n<p>3. Mediante la activaci\u00f3n se incrementa la superficie de contacto, que en la arcilla activada puede llegar a 350 m2\/gramo, mientras que las bentonitas crudas es de unos 100 m2\/gramo.<\/p>\n<p>4. A trav\u00e9s de un cuidadoso secado y clasificado, se obtiene un producto en polvo con excelente velocidad de filtraci\u00f3n.<\/p>\n<p><a href=\"https:\/\/refil.com.ar\/.collapseControl\" data-toggle=\"collapse\"><i class=\"fa fa-plus-circle\"><\/i> Control de Calidad Arcillas<\/a><\/p>\n<p><a name=\"alimenticia\"><\/a><\/p>\n<h2>Aplicaciones: Industria Alimenticia<\/h2>\n<p><img decoding=\"async\" class=\"img-responsive img-borde\" src=\"https:\/\/refil.com.ar\/images\/foto-productos-arcillas-decolorantes-alimenticia-1.jpg\" alt=\"Aplicaciones: Industria Alimenticia\" \/><\/p>\n<p>La industria de refinaci\u00f3n de aceites y grasas comestibles sigue siendo el mercado m\u00e1s importante para las arcillas activadas.<\/p>\n<p>La mayor parte de los aceites y grasas crudos deben someterse a un proceso de refinaci\u00f3n para darles la estabilidad necesaria para el consumo humano.<\/p>\n<p>Los procesos industriales conocidos son la refinaci\u00f3n alcalina, la m\u00e1s tradicional, y la refinaci\u00f3n f\u00edsica.<\/p>\n<p>En el primer caso los \u00e1cidos grasos libres se eliminan mediante la adici\u00f3n de soluciones de soda c\u00e1ustica, mientras que en la refinaci\u00f3n f\u00edsica los mismos se eliminan por destilaci\u00f3n.<\/p>\n<p><a href=\"https:\/\/refil.com.ar\/.collapseRefinacion\" data-toggle=\"collapse\"><i class=\"fa fa-plus-circle\"><\/i> Refinaci\u00f3n de Aceites<\/a><\/p>\n<div class=\"collapseRefinacion collapse in\" aria-expanded=\"true\">\n<h3>Diagrama de flujo para la obtenci\u00f3n de aceites y grasas comestibles.<\/h3>\n<p><img decoding=\"async\" class=\"img-responsive img-borde\" src=\"https:\/\/refil.com.ar\/images\/foto-productos-arcillas-decolorantes-alimenticia-2.jpg\" alt=\"Aplicaciones: Industria Alimenticia\" \/><\/p>\n<\/div>\n<p><a href=\"https:\/\/refil.com.ar\/.collapseEfecto\" data-toggle=\"collapse\"><i class=\"fa fa-plus-circle\"><\/i> Efecto de las arcillas<\/a><\/p>\n<div class=\"collapseEfecto collapse in\" aria-expanded=\"true\">\n<h3>Efecto de las propiedades de las arcillas<\/h3>\n<p><img decoding=\"async\" class=\"img-responsive img-borde\" src=\"https:\/\/refil.com.ar\/images\/foto-productos-arcillas-decolorantes-alimenticia-3.jpg\" alt=\"Aplicaciones: Industria Alimenticia\" \/><\/p>\n<\/div>\n<p><a href=\"https:\/\/refil.com.ar\/.collapseAceite\" data-toggle=\"collapse\"><i class=\"fa fa-plus-circle\"><\/i> Aceite RBD: Especificaciones<\/a><\/p>\n<div class=\"collapseAceite collapse in\" aria-expanded=\"true\">\n<h3>Especificaciones t\u00edpicas de calidad de los aceites refinados, blanqueados y desodorizados (RBD):<\/h3>\n<p><strong>1) Contenido de \u00e1cidos grasos libres:<\/strong><strong><br \/>\n<\/strong>Aceites refinados de calidad deber\u00e1n contener menos de 0,1% de FFA. A su vez, los aceites crudos de buena calidad contienen menos del 5% de FFA y en la mayor\u00eda entre 0,5 y 3%.<\/p>\n<p><strong>2) Indicadores de color:<\/strong><br \/>\nLa industria aceitera trabaja normalmente con la escala Lovibond. Se usan tres tama\u00f1os de celdas: 1\u201d , 2\u201d y 5 \u00bc\u201d para medir colores rojo, amarillo, azul y clorofila. Del color final del aceite no se pueden hacer deducciones acertadas sobre su calidad.<\/p>\n<p><strong>3) Grado de oxidaci\u00f3n:<\/strong><br \/>\nLa calidad del aceite est\u00e1 directamente relacionada con la cantidad de ox\u00edgeno adquirida, en su mayor\u00eda del mismo ambiente. Mediante el valor de per\u00f3xidos (PV) se indica el n\u00famero de grupos per\u00f3xidos en el aceite, mientras que el valor de anisidina (AV) indica el contenido de productos de oxidaci\u00f3n (aldeh\u00eddos y cetonas). PV y AV &gt; 10 se\u00f1alan claramente un aceite da\u00f1ado por la oxidaci\u00f3n.<\/p>\n<p><strong>4) Gomas (Fosf\u00e1tidos):<\/strong><strong><br \/>\n<\/strong>Esas sustancis naturales de las oleginosas, contenidas en las membranas y c\u00e1scaras, son arrastradas e incorporadas al aceite durante el proceso de extracci\u00f3n. Estas gomas son \u00e9steres de diglic\u00e9ridos (fosf\u00e1tidos) y deben separarse del aceite ya que afectan la estabilidad, el color y el sabor del aceite refinado. Los aceites bien refinados deben contener entre 1 y 3 ppm de P.<\/p>\n<p>El contenido de fosf\u00e1tidos del aceite crudo de soja debe estar entre 0,1 y 1,3%.<\/p>\n<p><strong>5) Cuerpos coloridos y pigmentos<\/strong>:<br \/>\nLa intensa coloraci\u00f3n de los aceites crudos es mezcla de cuerpos coloridos y pigmentos. Entre los m\u00e1s importantes contamos a los carotenos y carotenoides (de color rojo amarillento y rojo oscuro) y la Clorofila: Esta \u00faltima es un agente prooxidativo y debe ser eliminado: especificaciones estrictas exigen un m\u00e1ximo de 50 ppb en el aceite RBD.<\/p>\n<p><strong>6) Metales Pesados:<\/strong><strong><br \/>\n<\/strong>En gomas, pigmentos y en aceites hidrogenados, encontramos com\u00fanmente incorporadas trazas de iones met\u00e1licos como Fe, Cu, Ni y S. Estos son fuertes catalizadores de la oxidaci\u00f3n y promotores de radicales, por lo que deben ser eliminados del aceite.<\/p>\n<p>En aceites RBD de calidad, el contenido de ciertos metales no deber\u00e1 exceder de 0,1 ppm.<\/p>\n<h3>Las ventajas del uso de las arcillas altamente activadas Tonsil \u2122.<\/h3>\n<p>Los diferentes tipos de\u00a0<strong>Tonsil \u2122<\/strong> fueron desarrollados para permitir decolorar un determinado aceite con la m\u00ednima dosificaci\u00f3n y la m\u00e1s r\u00e1pida filtraci\u00f3n, a la vez que economizando en mermas por retenci\u00f3n de aceite en la torta y desperdicios.<\/p>\n<p>Al evaluar el rendimiento de dos arcillas diferentes, no deben compararse los colores finales obtenidos con el mismo porcentaje de arcilla, sino determinar el porcentaje de arcilla necesaria en cada caso para obtener el mismo color final.<\/p>\n<p>En la gr\u00e1fica de tama\u00f1a de part\u00edcula se distingue la influencia de \u00e9sta sobre la actividad decolorante y la velocidad de filtraci\u00f3n de la arcilla activada. Cu\u00e1nto m\u00e1s fina la arcilla mayor actividad y menor filtrabilidad, y cu\u00e1nto m\u00e1s gruesa viceversa.<\/p>\n<p><img decoding=\"async\" class=\"img-responsive img-borde\" src=\"https:\/\/refil.com.ar\/images\/foto-productos-arcillas-decolorantes-alimenticia-4.jpg\" alt=\"Aplicaciones: Industria Alimenticia\" \/><\/p>\n<\/div>\n<p><a name=\"aceites\"><\/a><\/p>\n<h2>Aplicaciones: Aceites Industriales<\/h2>\n<p><strong><a href=\"https:\/\/refil.com.ar\/.collapseAceite1\" data-toggle=\"collapse\">1.-Triglic\u00e9ridos Industriales<\/a><\/strong><\/p>\n<div class=\"collapseAceite1 collapse in\" aria-expanded=\"true\">\n<p>Los triglic\u00e9ridos industriales son usados principalmente en la producci\u00f3n de pinturas, barnices y jabones, as\u00ed como tambi\u00e9n para los \u00e1cidos grasos y sus derivados oleoqu\u00edmicos. En la mayor\u00eda de los casos el material inicial es aceite vegetal crudo o grasa animal y los m\u00e9todos de tratamiento son similares a los descriptos para aceites y grasas comestibles. Las condiciones de blanqueo son sin embargo m\u00e1s dr\u00e1sticas.(Para mayor informaci\u00f3n contacte a nuestro servicio t\u00e9cnico).<\/p>\n<p><img decoding=\"async\" class=\"img-responsive img-borde\" src=\"https:\/\/refil.com.ar\/images\/foto-productos-arcillas-decolorantes-aceite-1.jpg\" alt=\"Aplicaciones: Aceites Industriales\" \/><\/p>\n<\/div>\n<p><strong><a href=\"https:\/\/refil.com.ar\/.collapseAceite2\" data-toggle=\"collapse\">2.-Aceites Minerales<\/a><\/strong><\/p>\n<div class=\"collapseAceite2 collapse in\" aria-expanded=\"true\">\n<p>Las arcillas decolorantes se utilizan en la obtenci\u00f3n de aceites de transformador, aceites de turbina y aceites blancos medicinales, que son producidos de acuerdo al proceso llamado refinaci\u00f3n \u2013 solvente.<\/p>\n<p>Para prevenir efectos perjudiciales en la calidad del aceite, como por ejemplo el deterioro de las propiedades el\u00e9ctricas y de la estabilidad de los aceites de transformador, nuestras arcillas decolorantes <strong>Tonsil \u2122<\/strong>\u00a0son frecuentemente usadas para eliminar las \u00faltimas trazas de impurezas y humedad. El blanqueo es hecho generalmente en condiciones atmosf\u00e9ricas y a temperaturas en el rango de los 100\u00b0C . El tiempo de contacto es de 30 minutos aproximadamente.<\/p>\n<\/div>\n<p><strong><a href=\"https:\/\/refil.com.ar\/.collapseAceite3\" data-toggle=\"collapse\">3.-Parafinas y ceras<\/a><\/strong><\/p>\n<div class=\"collapseAceite3 collapse in\" aria-expanded=\"true\">\n<p><img decoding=\"async\" class=\"img-responsive img-borde img-izquierda\" src=\"https:\/\/refil.com.ar\/images\/foto-productos-arcillas-decolorantes-aceite-2.jpg\" alt=\"Aplicaciones: Aceites Industriales\" \/>La decoloraci\u00f3n con <strong>Tonsil \u2122<\/strong>\u00a0de parafinas y ceras contin\u00faa siendo una aplicaci\u00f3n t\u00e9cnica muy importante, sobre todo si se usan en la industria alimenticia y se requieren obtener colores puramente blancos.<\/p>\n<\/div>\n<p><strong><a href=\"https:\/\/refil.com.ar\/.collapseAceite4\" data-toggle=\"collapse\">4.-Regeneraci\u00f3n de aceites minerales<\/a><\/strong><\/p>\n<div class=\"collapseAceite4 collapse in\" aria-expanded=\"true\">\n<p>Un campo de aplicaci\u00f3n importante de las arcillas decolorantes es la regeneraci\u00f3n de aceites minerales gastados como los aceites lubricantes de motores a explosi\u00f3n. Los principales pasos de la destilaci\u00f3n por contacto caliente consisten en purificaci\u00f3n y deshidrataci\u00f3n del aceite gastado, tratamiento t\u00e9rmico a 300 \u00b0C aproximadamente para la completa descomposici\u00f3n de los aditivos, tratamiento con \u00e1cido sulf\u00farico concentrado, separaci\u00f3n del alquitr\u00e1n \u00e1cido precipitado, tratamiento con arcilla decolorante a 300 \u00b0C bajo vac\u00edo y subsecuente destilaci\u00f3n t\u00e9rmica. Bajo estas dr\u00e1sticas condiciones <strong>Tonsil \u2122<\/strong>\u00a0act\u00faa como un catalizador para el cracking y como adsorbente.<\/p>\n<p>Durante el proceso de cracking, pol\u00edmeros de cadena larga y componentes oxidados son primeramente divididos y entonces removidos por destilaci\u00f3n. Impurezas no vol\u00e1tiles, como el alquitr\u00e1n \u00e1cido, lodo \u00e1cido, as\u00ed como el \u00e1cido sulf\u00farico son adsorbidos.<\/p>\n<p>El aceite lubricante regenerado es un lubricante de alto grado cuyas caracter\u00edsticas de desempe\u00f1o no son inferiores a aquellas de otros aceites lubricantes.<\/p>\n<\/div>\n<p><strong><a href=\"https:\/\/refil.com.ar\/.collapseAceite5\" data-toggle=\"collapse\">5.-Aceites de laminaci\u00f3n<\/a><\/strong><\/p>\n<div class=\"collapseAceite5 collapse in\" aria-expanded=\"true\">\n<p><strong>Tonsil \u2122<\/strong>\u00a0tambi\u00e9n es utilizado en las industrias procesadoras de aluminio y metales para la regeneraci\u00f3n de aceites de laminaci\u00f3n que sirven como lubricantes en la producci\u00f3n de l\u00e1minas. Para incrementar la estabilidad de estos aceites, \u00e9stos se puentean y se hacen pasar por un filtro que tiene formada una precapa o lecho fijo con\u00a0<strong>Tonsil \u2122<\/strong>.<\/p>\n<\/div>\n<p><strong><a href=\"https:\/\/refil.com.ar\/.collapseAceite6\" data-toggle=\"collapse\">6.-Solventes para lavander\u00edas<\/a><\/strong><\/p>\n<div class=\"collapseAceite6 collapse in\" aria-expanded=\"true\">\n<p>En el lavado en seco\u00a0<strong>Tonsil \u2122 <\/strong>debe adsorber los \u00e1cidos grasos, grasas, cuerpos coloridos y otras impurezas de los solventes\u00a0para mantener su eficiencia limpiadora.<\/p>\n<\/div>\n","protected":false},"excerpt":{"rendered":"<p>Generalidades Remoci\u00f3n de sustancias e impurezas de los aceites comestibles. El aceite vegetal sin refinar contiene una multitud de sustancias [&hellip;]<\/p>\n","protected":false},"author":1,"featured_media":0,"parent":0,"menu_order":0,"comment_status":"closed","ping_status":"closed","template":"","meta":{"site-sidebar-layout":"default","site-content-layout":"","ast-site-content-layout":"default","site-content-style":"default","site-sidebar-style":"default","ast-global-header-display":"","ast-banner-title-visibility":"","ast-main-header-display":"disabled","ast-hfb-above-header-display":"","ast-hfb-below-header-display":"","ast-hfb-mobile-header-display":"disabled","site-post-title":"disabled","ast-breadcrumbs-content":"","ast-featured-img":"","footer-sml-layout":"disabled","theme-transparent-header-meta":"default","adv-header-id-meta":"","stick-header-meta":"","header-above-stick-meta":"","header-main-stick-meta":"","header-below-stick-meta":"","astra-migrate-meta-layouts":"set","ast-page-background-enabled":"default","ast-page-background-meta":{"desktop":{"background-color":"var(--ast-global-color-5)","background-image":"","background-repeat":"repeat","background-position":"center center","background-size":"auto","background-attachment":"scroll","background-type":"","background-media":"","overlay-type":"","overlay-color":"","overlay-opacity":"","overlay-gradient":""},"tablet":{"background-color":"","background-image":"","background-repeat":"repeat","background-position":"center center","background-size":"auto","background-attachment":"scroll","background-type":"","background-media":"","overlay-type":"","overlay-color":"","overlay-opacity":"","overlay-gradient":""},"mobile":{"background-color":"","background-image":"","background-repeat":"repeat","background-position":"center center","background-size":"auto","background-attachment":"scroll","background-type":"","background-media":"","overlay-type":"","overlay-color":"","overlay-opacity":"","overlay-gradient":""}},"ast-content-background-meta":{"desktop":{"background-color":"var(--ast-global-color-4)","background-image":"","background-repeat":"repeat","background-position":"center center","background-size":"auto","background-attachment":"scroll","background-type":"","background-media":"","overlay-type":"","overlay-color":"","overlay-opacity":"","overlay-gradient":""},"tablet":{"background-color":"var(--ast-global-color-4)","background-image":"","background-repeat":"repeat","background-position":"center center","background-size":"auto","background-attachment":"scroll","background-type":"","background-media":"","overlay-type":"","overlay-color":"","overlay-opacity":"","overlay-gradient":""},"mobile":{"background-color":"var(--ast-global-color-4)","background-image":"","background-repeat":"repeat","background-position":"center center","background-size":"auto","background-attachment":"scroll","background-type":"","background-media":"","overlay-type":"","overlay-color":"","overlay-opacity":"","overlay-gradient":""}},"footnotes":""},"class_list":["post-26","page","type-page","status-publish","hentry"],"_links":{"self":[{"href":"https:\/\/refil.com.ar\/test\/wp-json\/wp\/v2\/pages\/26","targetHints":{"allow":["GET"]}}],"collection":[{"href":"https:\/\/refil.com.ar\/test\/wp-json\/wp\/v2\/pages"}],"about":[{"href":"https:\/\/refil.com.ar\/test\/wp-json\/wp\/v2\/types\/page"}],"author":[{"embeddable":true,"href":"https:\/\/refil.com.ar\/test\/wp-json\/wp\/v2\/users\/1"}],"replies":[{"embeddable":true,"href":"https:\/\/refil.com.ar\/test\/wp-json\/wp\/v2\/comments?post=26"}],"version-history":[{"count":4,"href":"https:\/\/refil.com.ar\/test\/wp-json\/wp\/v2\/pages\/26\/revisions"}],"predecessor-version":[{"id":148,"href":"https:\/\/refil.com.ar\/test\/wp-json\/wp\/v2\/pages\/26\/revisions\/148"}],"wp:attachment":[{"href":"https:\/\/refil.com.ar\/test\/wp-json\/wp\/v2\/media?parent=26"}],"curies":[{"name":"wp","href":"https:\/\/api.w.org\/{rel}","templated":true}]}}