{"id":31,"date":"2025-07-29T20:09:52","date_gmt":"2025-07-29T20:09:52","guid":{"rendered":"https:\/\/refil.com.ar\/test\/?page_id=31"},"modified":"2025-07-29T20:09:52","modified_gmt":"2025-07-29T20:09:52","slug":"productos-perlita","status":"publish","type":"page","link":"https:\/\/refil.com.ar\/test\/productos-perlita\/","title":{"rendered":"Productos Perlita"},"content":{"rendered":"<h2>Generalidades<\/h2>\n<p>La perlita es un vidrio de aluminosilicato, que est\u00e1 hidratado por haber estado en contacto de aguas fre\u00e1ticas durante su formaci\u00f3n.<\/p>\n<p><img decoding=\"async\" class=\"img-responsive img-borde img-izquierda\" src=\"https:\/\/refil.com.ar\/images\/foto-productos-perlita-generalidades-1.jpg\" alt=\"Generalidades\" \/><\/p>\n<p>Como en el caso de la diatomea, un yacimiento de perlita es apto para la explotaci\u00f3n dependiendo de la pureza del vidrio perl\u00edtico en si, y el grado en que est\u00e9 mezclado con los materiales superficiales preexistentes a su formaci\u00f3n.<\/p>\n<p>Los yacimientos de <strong>IMERYS \u00ae Perlita Tucum\u00e1n<\/strong> contienen mineral de perlita altamente expansiva y sumamente pura.<\/p>\n<p><img decoding=\"async\" class=\"img-responsive img-borde img-derecha\" src=\"https:\/\/refil.com.ar\/images\/foto-productos-perlita-generalidades-2.jpg\" alt=\"Generalidades\" \/><\/p>\n<p>Cuando un chorro de Perlita molida se hace pasar frente a una llama y se calienta a 1400\u00baC , el aluminosilicato se derrite y la humedad contenida en la perlita se expande transform\u00e1ndose en vapor en forma explosiva.<\/p>\n<p>As\u00ed se obtienen part\u00edculas con aberturas y bordes irregulares, de pared delgada, que constituyen medios filtrantes sumamente estables y livianos. Una vez efectuada la expansi\u00f3n, se realiza un molido selectivo y se procede a la aeroclasificaci\u00f3n del agente filtrante para obtener los diversos grados.<\/p>\n<p><a name=\"propiedades\"><\/a><\/p>\n<h2>Propiedades T\u00edpicas<\/h2>\n<p><img decoding=\"async\" class=\"img-responsive-center\" src=\"https:\/\/refil.com.ar\/images\/foto-productos-perlita-propiedades-1.jpg\" alt=\"Propiedades\" \/><\/p>\n<p><img decoding=\"async\" class=\"img-responsive-center\" src=\"https:\/\/refil.com.ar\/images\/foto-productos-perlita-propiedades-2.jpg\" alt=\"Propiedades\" \/><\/p>\n<p><img decoding=\"async\" class=\"img-responsive-center\" src=\"https:\/\/refil.com.ar\/images\/foto-productos-perlita-propiedades-3.jpg\" alt=\"Propiedades\" \/><\/p>\n<p><a name=\"aplicaciones\"><\/a><\/p>\n<h2>Aplicaciones<\/h2>\n<p>Por su baja densidad, la perlita es un auxiliar filtrante con excelente comportamiento en filtros rotativos al vac\u00edo, para la filtraci\u00f3n de fluidos con alto contenido de s\u00f3lidos en suspensi\u00f3n.<\/p>\n<p>Por tener una densidad menor que la diatomea, precapando los filtros rotativos al vac\u00edo con perlita se obtienen precapas de mayor espesor empleando igual cantidad de kilogramos, lo que permite hacer funcionar el filtro con avances de cuchilla mayores y obtener ciclos m\u00e1s largos. En los filros de presi\u00f3n se utiliza preferentemente en el precapado, aunque puede usarse tambi\u00e9n en la dosificaci\u00f3n, dependiendo de las exigencias de claridad especificadas.<\/p>\n<p>Precapado:<br \/>\nHarborlite \u00ae se aplica como una capa sobre la malla del filtro de presi\u00f3n o vac\u00edo. Para obtener un espesos de 1,5 a 3 mm se requieren 200 a 500 grs de perlita por m2 de \u00e1rea filtrante. En el tanque de precapado el porcentaje de perlita suspendida en el l\u00edquido previamente filtrado debe estar entre 2 y 6%.<\/p>\n<p><img decoding=\"async\" class=\"img-responsive img-borde img-derecha\" src=\"https:\/\/refil.com.ar\/images\/foto-productos-perlita-aplicaciones-1.jpg\" alt=\"Aplicaciones\" \/><\/p>\n<p>Dosificaci\u00f3n:<br \/>\nEl porcentaje de Harborlite \u00ae a dosificar en el l\u00edquido a filtrar var\u00eda entre 0,1% y 1%, pudiendo llegar a alcanzar un 8% cuando los s\u00f3lidos a retener son compresibles.<\/p>\n<p>Harborlite \u00ae Perfiltra\u00ae pueden utilzarse en la filtraci\u00f3n de:<br \/>\nAlimentos: mostos y jugos de fruta, az\u00facar de ca\u00f1a, fructosa, aceites comestibles e industriales.<br \/>\nQu\u00edmicos; Pol\u00edmeros, adhesivos, fertilizantes, etc.<br \/>\nL\u00edquidos Industriales: Tratamiento de Agua, Gases, etc.<\/p>\n","protected":false},"excerpt":{"rendered":"<p>Generalidades La perlita es un vidrio de aluminosilicato, que est\u00e1 hidratado por haber estado en contacto de aguas fre\u00e1ticas durante [&hellip;]<\/p>\n","protected":false},"author":1,"featured_media":0,"parent":0,"menu_order":0,"comment_status":"closed","ping_status":"closed","template":"","meta":{"site-sidebar-layout":"default","site-content-layout":"","ast-site-content-layout":"default","site-content-style":"default","site-sidebar-style":"default","ast-global-header-display":"","ast-banner-title-visibility":"","ast-main-header-display":"disabled","ast-hfb-above-header-display":"","ast-hfb-below-header-display":"","ast-hfb-mobile-header-display":"disabled","site-post-title":"disabled","ast-breadcrumbs-content":"","ast-featured-img":"","footer-sml-layout":"disabled","theme-transparent-header-meta":"default","adv-header-id-meta":"","stick-header-meta":"","header-above-stick-meta":"","header-main-stick-meta":"","header-below-stick-meta":"","astra-migrate-meta-layouts":"set","ast-page-background-enabled":"default","ast-page-background-meta":{"desktop":{"background-color":"var(--ast-global-color-5)","background-image":"","background-repeat":"repeat","background-position":"center center","background-size":"auto","background-attachment":"scroll","background-type":"","background-media":"","overlay-type":"","overlay-color":"","overlay-opacity":"","overlay-gradient":""},"tablet":{"background-color":"","background-image":"","background-repeat":"repeat","background-position":"center center","background-size":"auto","background-attachment":"scroll","background-type":"","background-media":"","overlay-type":"","overlay-color":"","overlay-opacity":"","overlay-gradient":""},"mobile":{"background-color":"","background-image":"","background-repeat":"repeat","background-position":"center center","background-size":"auto","background-attachment":"scroll","background-type":"","background-media":"","overlay-type":"","overlay-color":"","overlay-opacity":"","overlay-gradient":""}},"ast-content-background-meta":{"desktop":{"background-color":"var(--ast-global-color-4)","background-image":"","background-repeat":"repeat","background-position":"center center","background-size":"auto","background-attachment":"scroll","background-type":"","background-media":"","overlay-type":"","overlay-color":"","overlay-opacity":"","overlay-gradient":""},"tablet":{"background-color":"var(--ast-global-color-4)","background-image":"","background-repeat":"repeat","background-position":"center center","background-size":"auto","background-attachment":"scroll","background-type":"","background-media":"","overlay-type":"","overlay-color":"","overlay-opacity":"","overlay-gradient":""},"mobile":{"background-color":"var(--ast-global-color-4)","background-image":"","background-repeat":"repeat","background-position":"center center","background-size":"auto","background-attachment":"scroll","background-type":"","background-media":"","overlay-type":"","overlay-color":"","overlay-opacity":"","overlay-gradient":""}},"footnotes":""},"class_list":["post-31","page","type-page","status-publish","hentry"],"_links":{"self":[{"href":"https:\/\/refil.com.ar\/test\/wp-json\/wp\/v2\/pages\/31","targetHints":{"allow":["GET"]}}],"collection":[{"href":"https:\/\/refil.com.ar\/test\/wp-json\/wp\/v2\/pages"}],"about":[{"href":"https:\/\/refil.com.ar\/test\/wp-json\/wp\/v2\/types\/page"}],"author":[{"embeddable":true,"href":"https:\/\/refil.com.ar\/test\/wp-json\/wp\/v2\/users\/1"}],"replies":[{"embeddable":true,"href":"https:\/\/refil.com.ar\/test\/wp-json\/wp\/v2\/comments?post=31"}],"version-history":[{"count":1,"href":"https:\/\/refil.com.ar\/test\/wp-json\/wp\/v2\/pages\/31\/revisions"}],"predecessor-version":[{"id":32,"href":"https:\/\/refil.com.ar\/test\/wp-json\/wp\/v2\/pages\/31\/revisions\/32"}],"wp:attachment":[{"href":"https:\/\/refil.com.ar\/test\/wp-json\/wp\/v2\/media?parent=31"}],"curies":[{"name":"wp","href":"https:\/\/api.w.org\/{rel}","templated":true}]}}