{"id":33,"date":"2025-07-29T20:12:42","date_gmt":"2025-07-29T20:12:42","guid":{"rendered":"https:\/\/refil.com.ar\/test\/?page_id=33"},"modified":"2025-07-29T20:12:42","modified_gmt":"2025-07-29T20:12:42","slug":"productos-filtros-industriales","status":"publish","type":"page","link":"https:\/\/refil.com.ar\/test\/productos-filtros-industriales\/","title":{"rendered":"Productos Filtros Industriales"},"content":{"rendered":"<h2>Filtro vertical herm\u00e9tico de placas modelo HBV<\/h2>\n<p><img decoding=\"async\" class=\"img-responsive img-borde img-izquierda\" src=\"https:\/\/refil.com.ar\/images\/foto-productos-filtros-industriales-1.jpg\" alt=\"Filtros Industriales\" \/>El Filtro Vertical Herm\u00e9tico de placas Modelo HBV es un equipo extremadamente vers\u00e1til y econ\u00f3mico, compuesto por un vaso vertical, con tapa de f\u00e1cil apertura por tornillos y sistema de izaje con mono hidr\u00e1ulico. Sus elementos de filtraci\u00f3n son placas compuestas por telas met\u00e1licas o de tejidos en diferentes configuraciones. Permite tanto la descarga de los s\u00f3lidos secos, por sistema neum\u00e1tico de vibraci\u00f3n; Como h\u00famedos, por lavado con boquillas de alta presi\u00f3n; O una combinaci\u00f3n de ambos sistemas. Opera completamente cerrada, ofreciendo seguridad a la operaci\u00f3n y al medio ambiente. Puede funcionar de forma completamente autom\u00e1tica. Se ofrece con un \u00e1rea de filtraci\u00f3n de 1 a 120 m\u00b2. Fabricado conforme a las normas ASME y NR13. Otras dimensiones de estos equipos est\u00e1n disponibles bajo consulta.<\/p>\n<p><a name=\"hbt\"><\/a><\/p>\n<h2>Filtro tubular herm\u00e9tico de retro-limpieza modelo HBT<\/h2>\n<p><img decoding=\"async\" class=\"img-responsive img-borde img-izquierda\" src=\"https:\/\/refil.com.ar\/images\/foto-productos-filtros-industriales-2.jpg\" alt=\"Filtros Industriales\" \/>El Filtro Tubular Herm\u00e9tico de Retro limpieza Modelo HBT es un equipo extremadamente vers\u00e1til, compuesto por elementos de filtraci\u00f3n tubulares, compuestos con tejidos de diversos tipos y aberturas. Se puede utilizar tanto como filtro de proceso, o como filtro de pulido.<\/p>\n<p>La descarga de s\u00f3lidos se da por retro limpieza, tanto seca (con el uso de gas inerte al proceso), como h\u00fameda (con solvente al l\u00edquido o con el propio l\u00edquido que se est\u00e1 filtrando).<\/p>\n<p>Opera completamente cerrado, ofreciendo seguridad en la operaci\u00f3n y al medio ambiente. Puede trabajar de forma completamente autom\u00e1tica. Se ofrece con un \u00e1rea de filtraci\u00f3n de 0,6 a 100m\u00b2. Fabricado conforme a las normas ASME y NR13.<\/p>\n<p>Otras dimensiones de estos equipos est\u00e1n disponibles bajo consulta.<\/p>\n<p><a name=\"hbh\"><\/a><\/p>\n<h2>Filtro horizontal herm\u00e9tico de placas modelo HBH<\/h2>\n<p><img decoding=\"async\" class=\"img-responsive img-borde img-izquierda\" src=\"https:\/\/refil.com.ar\/images\/foto-productos-filtros-industriales-3.jpg\" alt=\"Filtros Industriales\" \/>El Filtro Horizontal Herm\u00e9tico de placas Modelo HBH tambi\u00e9n utiliza como elemento de filtraci\u00f3n placas compuestas por telas met\u00e1licas y \/ o de tejidos en diferentes combinaciones. Las placas se colocan verticalmente en un vaso horizontal, para facilitar el acceso a \u00e9stas, cuando la operaci\u00f3n as\u00ed lo requiere, o cuando una mayor \u00e1rea de filtraci\u00f3n es necesaria. Permite tanto la descarga de los s\u00f3lidos secos, por sistema neum\u00e1tico de vibraci\u00f3n; Como h\u00famedos, por lavado con boquillas de alta presi\u00f3n; O una combinaci\u00f3n de ambos sistemas. Funciona completamente cerrado, cuando se encuentra en operaci\u00f3n, ofreciendo seguridad a la misma y al medio ambiente. Puede funcionar de forma completamente autom\u00e1tica. Se ofrece con un \u00e1rea de filtraci\u00f3n de 5,5 a 200m\u00b2. Fabricado conforme a las normas ASME y NR13. Otras dimensiones de estos equipos est\u00e1n disponibles bajo consulta.<\/p>\n<p><a name=\"bag\"><\/a><\/p>\n<h2>Filtro de tipo canasto modelo BAG<\/h2>\n<p><img decoding=\"async\" class=\"img-responsive img-borde img-izquierda\" src=\"https:\/\/refil.com.ar\/images\/foto-productos-filtros-industriales-4.jpg\" alt=\"Filtros Industriales\" \/>Los Filtros de Tipo Canasto Modelo BAG ofrecidos por Hollbras est\u00e1n disponibles en diversas versiones, contemplando desde un modelo m\u00e1s simple, con un \u00fanico elemento de filtraci\u00f3n (canasto), hasta modelos m\u00e1s complejos, con m\u00faltiples elementos y sus combinaciones.<\/p>\n<p>Esta l\u00ednea de filtros est\u00e1 generalmente destinada a filtraciones de pulido, o como filtros de almacenamiento. Es recomendable para l\u00edquidos con bajos niveles de s\u00f3lidos. Sus equipos son de f\u00e1cil operaci\u00f3n, mantenimiento y de baja inversi\u00f3n.<\/p>\n<p>Operan, en su etapa de limpieza, de forma manual. Permite el uso de los canastos hechos en los m\u00e1s diversos tejidos y aberturas, como elementos de filtraci\u00f3n. Se fabrican de acuerdo con las normas ASME y NR13.<\/p>\n<p><a name=\"hbvc\"><\/a><\/p>\n<h2>Filtro vertical de placas circulares modelo HBVC<\/h2>\n<p><img decoding=\"async\" class=\"img-responsive img-borde img-izquierda\" src=\"https:\/\/refil.com.ar\/images\/foto-productos-filtros-industriales-5.jpg\" alt=\"Filtros Industriales\" \/>El filtro vertical de placas circulares modelo HBVC utiliza placas circulares montadas horizontalmente, sobre las cuales pueden aplicarse diferentes tipos de filtros, como papel, tejido, no tejidos, entro otros. Este modelo de filtro se utiliza generalmente en procesos de pulido, cuando la torta del filtro presenta inestabilidad.<\/p>\n<p>Su limpieza es generalmente manual, por medio de la remoci\u00f3n de las placas y el cambio de los elementos de filtraci\u00f3n. Equipamiento fabricado conforme a las normas ASME y NR13.<\/p>\n<p><a name=\"hbs\"><\/a><\/p>\n<h2>Filtro strainer modelo HBS<\/h2>\n<p><img decoding=\"async\" class=\"img-responsive img-borde img-izquierda\" src=\"https:\/\/refil.com.ar\/images\/foto-productos-filtros-industriales-6.jpg\" alt=\"Filtros Industriales\" \/>El filtro Strainer Modelo HBS utiliza como elemento filtrante, un cesto met\u00e1lico construido en chapa perforada, con aberturas variadas, conforme al alcance del proyecto.<\/p>\n<p>Este tipo de filtro se utiliza generalmente como filtro de protecci\u00f3n en sistemas de bombeo, tuber\u00edas, torres de enfriamiento entre otros procesos.<\/p>\n<p>Equipamiento fabricado conforme a las normas ASME y NR13.<\/p>\n<p><a name=\"hollbras\"><\/a><\/p>\n<h2>Skid de filtraci\u00f3n Hollbras<\/h2>\n<p><img decoding=\"async\" class=\"img-responsive img-borde img-izquierda\" src=\"https:\/\/refil.com.ar\/images\/foto-productos-filtros-industriales-7.jpg\" alt=\"Filtros Industriales\" \/>Adem\u00e1s de proporcionar filtros, Hollbras tambi\u00e9n desarrolla estaciones completas de filtraci\u00f3n, con sistema llave en mano. En estas instalaciones, Hollbras proyecta e instala todos los elementos necesarios para la operaci\u00f3n del sistema, como bombas, v\u00e1lvulas, tanques, paneles de control, adem\u00e1s del filtro m\u00e1s adecuado para determinada soluci\u00f3n. Todos los equipos y elementos involucrados se proyectan dentro de las normas ASME y NR13.<\/p>\n<p><a class=\"clearfix\" name=\"vacio\"><\/a><\/p>\n<h2>Filtros de vac\u00edo<\/h2>\n<p><img decoding=\"async\" class=\"img-responsive img-borde img-izquierda\" src=\"https:\/\/refil.com.ar\/images\/foto-productos-filtros-industriales-8.jpg\" alt=\"Filtros Industriales\" \/>Hollbras ofrece diferentes tipos de filtros con sistema de vac\u00edo. Filtro rotativo, y de cinta. Estos filtros se deben aplicar en procesos en los que los l\u00edquidos a filtrar contienen un alto volumen de s\u00f3lidos.<\/p>\n<p><a class=\"clearfix\" name=\"prensa\"><\/a><\/p>\n<h2>Filtro tipo prensa o de membrana<\/h2>\n<p><img decoding=\"async\" class=\"img-responsive img-borde img-izquierda\" src=\"https:\/\/refil.com.ar\/images\/foto-productos-filtros-industriales-9.jpg\" alt=\"Filtros Industriales\" \/>Utiliza placas de filtraci\u00f3n de polipropileno o membranas cubiertas con tejido filtrante. Este filtro se aplica en procesos con mediano volumen de s\u00f3lidos contenidos en el l\u00edquido a ser filtrado.<\/p>\n<p><a class=\"clearfix\" name=\"vasos\"><\/a><\/p>\n<h2>Vasos de presi\u00f3n y otros equipamientos<\/h2>\n<p><img decoding=\"async\" class=\"img-responsive img-borde img-izquierda\" src=\"https:\/\/refil.com.ar\/images\/foto-productos-filtros-industriales-10.jpg\" alt=\"Filtros Industriales\" \/>Hollbras podr\u00e1 desarrollar proyectos de Tanques, SKID e instalaciones para nuestros clientes, utilizando nuestra propia ingenier\u00eda especializada y software SolidWorks, MicrosoftProject, Mathcad entre otros para este fin.<\/p>\n","protected":false},"excerpt":{"rendered":"<p>Filtro vertical herm\u00e9tico de placas modelo HBV El Filtro Vertical Herm\u00e9tico de placas Modelo HBV es un equipo extremadamente vers\u00e1til [&hellip;]<\/p>\n","protected":false},"author":1,"featured_media":0,"parent":0,"menu_order":0,"comment_status":"closed","ping_status":"closed","template":"","meta":{"site-sidebar-layout":"default","site-content-layout":"","ast-site-content-layout":"default","site-content-style":"default","site-sidebar-style":"default","ast-global-header-display":"","ast-banner-title-visibility":"","ast-main-header-display":"disabled","ast-hfb-above-header-display":"","ast-hfb-below-header-display":"","ast-hfb-mobile-header-display":"disabled","site-post-title":"disabled","ast-breadcrumbs-content":"","ast-featured-img":"","footer-sml-layout":"disabled","theme-transparent-header-meta":"default","adv-header-id-meta":"","stick-header-meta":"","header-above-stick-meta":"","header-main-stick-meta":"","header-below-stick-meta":"","astra-migrate-meta-layouts":"set","ast-page-background-enabled":"default","ast-page-background-meta":{"desktop":{"background-color":"var(--ast-global-color-5)","background-image":"","background-repeat":"repeat","background-position":"center center","background-size":"auto","background-attachment":"scroll","background-type":"","background-media":"","overlay-type":"","overlay-color":"","overlay-opacity":"","overlay-gradient":""},"tablet":{"background-color":"","background-image":"","background-repeat":"repeat","background-position":"center center","background-size":"auto","background-attachment":"scroll","background-type":"","background-media":"","overlay-type":"","overlay-color":"","overlay-opacity":"","overlay-gradient":""},"mobile":{"background-color":"","background-image":"","background-repeat":"repeat","background-position":"center center","background-size":"auto","background-attachment":"scroll","background-type":"","background-media":"","overlay-type":"","overlay-color":"","overlay-opacity":"","overlay-gradient":""}},"ast-content-background-meta":{"desktop":{"background-color":"var(--ast-global-color-4)","background-image":"","background-repeat":"repeat","background-position":"center center","background-size":"auto","background-attachment":"scroll","background-type":"","background-media":"","overlay-type":"","overlay-color":"","overlay-opacity":"","overlay-gradient":""},"tablet":{"background-color":"var(--ast-global-color-4)","background-image":"","background-repeat":"repeat","background-position":"center center","background-size":"auto","background-attachment":"scroll","background-type":"","background-media":"","overlay-type":"","overlay-color":"","overlay-opacity":"","overlay-gradient":""},"mobile":{"background-color":"var(--ast-global-color-4)","background-image":"","background-repeat":"repeat","background-position":"center center","background-size":"auto","background-attachment":"scroll","background-type":"","background-media":"","overlay-type":"","overlay-color":"","overlay-opacity":"","overlay-gradient":""}},"footnotes":""},"class_list":["post-33","page","type-page","status-publish","hentry"],"_links":{"self":[{"href":"https:\/\/refil.com.ar\/test\/wp-json\/wp\/v2\/pages\/33","targetHints":{"allow":["GET"]}}],"collection":[{"href":"https:\/\/refil.com.ar\/test\/wp-json\/wp\/v2\/pages"}],"about":[{"href":"https:\/\/refil.com.ar\/test\/wp-json\/wp\/v2\/types\/page"}],"author":[{"embeddable":true,"href":"https:\/\/refil.com.ar\/test\/wp-json\/wp\/v2\/users\/1"}],"replies":[{"embeddable":true,"href":"https:\/\/refil.com.ar\/test\/wp-json\/wp\/v2\/comments?post=33"}],"version-history":[{"count":1,"href":"https:\/\/refil.com.ar\/test\/wp-json\/wp\/v2\/pages\/33\/revisions"}],"predecessor-version":[{"id":34,"href":"https:\/\/refil.com.ar\/test\/wp-json\/wp\/v2\/pages\/33\/revisions\/34"}],"wp:attachment":[{"href":"https:\/\/refil.com.ar\/test\/wp-json\/wp\/v2\/media?parent=33"}],"curies":[{"name":"wp","href":"https:\/\/api.w.org\/{rel}","templated":true}]}}