{"id":35,"date":"2025-07-29T20:15:06","date_gmt":"2025-07-29T20:15:06","guid":{"rendered":"https:\/\/refil.com.ar\/test\/?page_id=35"},"modified":"2025-07-29T20:15:06","modified_gmt":"2025-07-29T20:15:06","slug":"productos-caolin-calcinado-mica","status":"publish","type":"page","link":"https:\/\/refil.com.ar\/test\/productos-caolin-calcinado-mica\/","title":{"rendered":"Productos Caol\u00edn Calcinado\/Mica"},"content":{"rendered":"<h2>Descripci\u00f3n<\/h2>\n<p><img decoding=\"async\" class=\"img-responsive img-borde img-derecha\" src=\"https:\/\/refil.com.ar\/images\/foto-productos-caolin-calcinado-mica-descripcion-1.jpg\" alt=\"Descripci\u00f3n\" \/><\/p>\n<p>El caol\u00edn, tambi\u00e9n conocido como china clay, es un silicato de aluminio hidratado natural formado hace millones de a\u00f1os por la descomposici\u00f3n hidrot\u00e9rmica de roca gran\u00edtica y su f\u00f3rmula qu\u00edmica es Al<sub>2<\/sub>Si<sub>2<\/sub>O<sub>5<\/sub>(OH)<sub>4<\/sub>.<\/p>\n<p>El principal componente de los caolines es la caolinita, pero como toda roca natural, se lo encuentra en presencia de otros minerales tales como mica, cuarzo y feldespato.<\/p>\n<p><a name=\"estructura\"><\/a><\/p>\n<h2>Estructura y Propiedades<\/h2>\n<p>El caol\u00edn es un mineral tipo silicato estratificado, formado por una l\u00e1mina de di\u00f3xido de silicio tetra\u00e9drico unida a trav\u00e9s de \u00e1tomos de ox\u00edgeno a otra l\u00e1mina compuesta de \u00f3xido de aluminio octa\u00e9drico.<\/p>\n<p><img decoding=\"async\" class=\"img-responsive-center img-borde\" src=\"https:\/\/refil.com.ar\/images\/foto-productos-caolin-calcinado-mica-estructura-1.jpg\" alt=\"Estructura y Propiedades\" \/><\/p>\n<p>Debido a la estructura estratificada de los caolines, la forma de las part\u00edculas que se obtienen en los diferentes procesos de molienda es plana o laminar, generalmente de bajo tama\u00f1o medio. Adem\u00e1s, debido a su composici\u00f3n superficial, es un mineral inerte desde el punto de vista qu\u00edmico.<\/p>\n<p><img decoding=\"async\" class=\"img-responsive-center img-borde\" src=\"https:\/\/refil.com.ar\/images\/foto-productos-caolin-calcinado-mica-estructura-2.jpg\" alt=\"Estructura y Propiedades\" \/><\/p>\n<p>El caol\u00edn natural puede someterse a un proceso de calcinaci\u00f3n, donde a partir de los 450 \u00b0C se produce la eliminaci\u00f3n de los grupos hidroxilos del hidr\u00f3xido de aluminio perdiendo un 13,5 % de su masa como agua. De este modo, se obtiene un producto semicristalino denominado metacaol\u00edn con una estructura microporosa debido a la p\u00e9rdida de vapor de agua cuyo lugar es ocupado por aire. Aproximadamente a partir de los 1000 \u00b0C se produce una recristalizaci\u00f3n del caol\u00edn obteni\u00e9ndose finalmente un producto amorfo a temperaturas del orden de 1100 \u00b0C.<\/p>\n<p><img decoding=\"async\" class=\"img-responsive-center img-borde\" src=\"https:\/\/refil.com.ar\/images\/foto-productos-caolin-calcinado-mica-estructura-3.jpg\" alt=\"Estructura y Propiedades\" \/><\/p>\n<p>La calcinaci\u00f3n entonces es un proceso que se produce en dos etapas, donde se incrementa la blancura y dureza de las part\u00edculas de caol\u00edn, mejoran sus propiedades el\u00e9ctricas y se altera el tama\u00f1o y la forma de las mismas.<\/p>\n<p><a name=\"pintura\"><\/a><\/p>\n<h2>Aplicaci\u00f3n productos recomendados para pintura<\/h2>\n<p><img decoding=\"async\" class=\"img-responsive-center img-izquierda img-borde\" src=\"https:\/\/refil.com.ar\/images\/foto-productos-caolin-calcinado-mica-pintura-1.jpg\" alt=\"Aplicaci\u00f3n en Pintura\" \/><\/p>\n<p>La combinaci\u00f3n de la <strong>forma laminar<\/strong> con el <strong>muy bajo tama\u00f1o<\/strong> de part\u00edcula que presentan los caolines hidratados optimiza la separaci\u00f3n y distribuci\u00f3n de las part\u00edculas de di\u00f3xido de titanio. El caol\u00edn evita mec\u00e1nicamente la formaci\u00f3n de aglomerados de di\u00f3xido de titanio que disminuyen la eficacia del mismo. De este modo, se mejora la <strong>opacidad<\/strong>, por lo tanto, el <strong>poder cubritivo<\/strong> de la pintura.<\/p>\n<p><strong>Hydrite UF 90<\/strong> es un caol\u00edn hidratado ultrafino com\u00fanmente usado como extendedor de di\u00f3xido de titanio y otros pigmentos tanto para pinturas mate como para pinturas brillantes.<\/p>\n<p><img decoding=\"async\" class=\"img-responsive-center img-derecha img-borde\" src=\"https:\/\/refil.com.ar\/images\/foto-productos-caolin-calcinado-mica-pintura-2.jpg\" alt=\"Aplicaci\u00f3n en Pintura\" \/><\/p>\n<p>En el proceso de calcinaci\u00f3n, se modifica la <strong>estructura cristalina<\/strong> de los caolines permitiendo la incorporaci\u00f3n de <strong>microporos de aire<\/strong>. El aire tiene un \u00edndice de refracci\u00f3n muy diferente a las resinas utilizadas en la fabricaci\u00f3n de pinturas, lo que favorece el desv\u00edo de la luz aumentando la opacidad de las pinturas.<\/p>\n<p>Los caolines calcinados <strong>Neogen 2000<\/strong> y <strong>Glomax LL<\/strong> est\u00e1n dise\u00f1ados para optimizar las propiedades \u00f3pticas en pinturas mate y semi mates maximizando el poder cubritivo de las mismas.<\/p>\n<p>Debido a la <strong>morfolog\u00eda laminar<\/strong> y a su relativa <strong>inercia qu\u00edmica<\/strong>, los caolines act\u00faan como una <strong>barrera<\/strong> efectiva limitando la penetraci\u00f3n en la pel\u00edcula seca de pintura de agua y otros agentes agresivos, incrementando tanto la <strong>resistencia al manchado<\/strong> como la <strong>durabilidad de las pinturas<\/strong>. Al mismo tiempo, debido a las caracter\u00edsticas morfol\u00f3gicas del caol\u00edn, se produce una mejora en las propiedades mec\u00e1nicas de la pel\u00edcula, aumentando la <strong>resistencia al agrietamiento<\/strong>.<\/p>\n<p><img decoding=\"async\" class=\"img-responsive-center img-borde\" src=\"https:\/\/refil.com.ar\/images\/foto-productos-caolin-calcinado-mica-pintura-3.jpg\" alt=\"Aplicaci\u00f3n en Pintura\" \/><\/p>\n<p>Para esta aplicaci\u00f3n, se recomienda el uso de <strong>Hydrite SB 100<\/strong>, caol\u00edn pulverizado superlaminado y con una alta relaci\u00f3n di\u00e1metro equivalente-espesor, dise\u00f1ado espec\u00edficamente para conseguir un desempe\u00f1o \u00f3ptimo en aplicaciones como barrera en pinturas mates y semimates.<\/p>\n<p><img decoding=\"async\" class=\"img-responsive-center img-borde img-derecha\" src=\"https:\/\/refil.com.ar\/images\/foto-productos-caolin-calcinado-mica-pintura-4.jpg\" alt=\"Aplicaci\u00f3n en Pintura\" \/><\/p>\n<p>Tanto el <strong>tama\u00f1o medio de part\u00edcula<\/strong> como la <strong>distribuci\u00f3n del tama\u00f1o de part\u00edcula<\/strong> juegan un papel fundamental en el desempe\u00f1o de los diferentes minerales y en las propiedades finales de los productos obtenidos. Debido a su importancia, el <strong>poder tint\u00f3reo<\/strong> es un factor muy importante dentro las variables que son evaluadas en las pinturas y su valor aumenta a medida que disminuye el tama\u00f1o de part\u00edcula y se hace m\u00e1s estrecha su distribuci\u00f3n.<\/p>\n<p>Para esta aplicaci\u00f3n se recomienda el uso de <strong>Hydrite TS 90<\/strong> dise\u00f1ado para maximizar el poder tint\u00f3reo en pinturas arquitect\u00f3nicas brillantes y semi brillantes permitiendo el reemplazo parcial de pol\u00edmero opaque en las pinturas brillantes.<\/p>\n<p><a name=\"plasticos\"><\/a><\/p>\n<h2>Aplicaciones y productos recomendados para pl\u00e1sticos<\/h2>\n<p>En el proceso de calcinaci\u00f3n de los caolines, debido al <strong>aumento de porosidad<\/strong> por eliminaci\u00f3n de radicales hidroxilos como vapor de agua, se produce el incremento del <strong>\u00e1rea superficial<\/strong> del caol\u00edn y de su <strong>reactividad qu\u00edmica<\/strong>. Estos cambios en sus propiedades f\u00edsicas y qu\u00edmicas permiten la eliminaci\u00f3n de materiales i\u00f3nicos tales como el i\u00f3n cloruro que degradan el comportamiento el\u00e9ctrico.<\/p>\n<p><img decoding=\"async\" class=\"img-responsive-center img-derecha img-borde\" src=\"https:\/\/refil.com.ar\/images\/foto-productos-caolin-calcinado-mica-plastico-1.jpg\" alt=\"Aplicaciones y productos recomendados para pl\u00e1sticos\" \/><\/p>\n<p><strong>Polestar 450<\/strong> es un metacaol\u00edn premiun utilizado en compuestos de PVC para cables con el objetivo de mejorar la <strong>resistividad volum\u00e9trica<\/strong>.<\/p>\n<p>Debido a sus <strong>propiedades f\u00edsicas y qu\u00edmicas<\/strong>, cuando los caolines calcinados se adicionan a pel\u00edcula de PE, se comprueba que se modifican las propiedades de <strong>barrera a la radiaci\u00f3n infrarroja<\/strong>. La pel\u00edcula conteniendo caol\u00edn calcinado absorbe m\u00e1s cantidad de radiaci\u00f3n infrarroja que las pel\u00edculas conteniendo otros tipos de minerales. Este efecto es especialmente deseado en la fabricaci\u00f3n de pel\u00edcula de PE para uso en agricultura. El calor es retenido dentro del t\u00fanel invernadero por m\u00e1s tiempo, disminuyendo la <strong>demanda de energ\u00eda<\/strong> y acortando el tiempo entre la plantaci\u00f3n y el cultivo de la planta. De este modo, se alarga la <strong>temporada de cultivo<\/strong> beneficio que es altamente deseado por los agricultores.<\/p>\n<p><img decoding=\"async\" class=\"img-responsive img-borde img-izquierda\" src=\"https:\/\/refil.com.ar\/images\/foto-productos-caolin-calcinado-mica-plastico-2.jpg\" alt=\"Aplicaciones y productos recomendados para pl\u00e1sticos\" \/>Polestar 200 R es un caol\u00edn especialmente dise\u00f1ado para esta aplicaci\u00f3n, permitiendo obtener pel\u00edculas de PE de muy alta <strong>eficiencia t\u00e9rmica<\/strong> sin afectar las <strong>propiedades mec\u00e1nicas<\/strong> de las mismas.<\/p>\n<p>La <strong>geometr\u00eda laminar plana<\/strong> caracter\u00edstica de los caolines, hace que puedan actuar como una <strong>barrera<\/strong> al pasaje de diferentes sustancias a trav\u00e9s de la pel\u00edcula del pl\u00e1stico. Este efecto es muy valorado por los productores de pel\u00edculas destinadas al envasado de alimentos, donde se busca impedir el paso tanto de ox\u00edgeno como de vapor de agua. Este efecto se consigue tanto para pel\u00edcula flexible como para envases termoformados r\u00edgidos.<\/p>\n<p><img decoding=\"async\" class=\"img-responsive-center img-borde\" src=\"https:\/\/refil.com.ar\/images\/foto-productos-caolin-calcinado-mica-plastico-3.jpg\" alt=\"Aplicaciones y productos recomendados para pl\u00e1sticos\" \/><\/p>\n<p>Los caolines hidratados ultrafinos se utilizan para mejorar la dispersi\u00f3n del di\u00f3xido de titanio en la fabricaci\u00f3n de masterbatch blanco de poliolefinas.<\/p>\n<p>La <strong>opacidad<\/strong> se alcanza cuando toda la luz incidente es absorbida o reflejada. Existen dos mecanismos por los que la luz es reflejada, refracci\u00f3n y difracci\u00f3n.<\/p>\n<p><img decoding=\"async\" class=\"img-responsive img-izquierda img-borde\" src=\"https:\/\/refil.com.ar\/images\/foto-productos-caolin-calcinado-mica-plastico-4.jpg\" alt=\"Aplicaciones y productos recomendados para pl\u00e1sticos\" \/><\/p>\n<p>El efecto de refracci\u00f3n depende de la diferencia del \u00edndice de refracci\u00f3n mientras que la difracci\u00f3n se produce por efecto del <strong>tama\u00f1o de part\u00edcula<\/strong>. Las ondas de luz modificar\u00e1n su direcci\u00f3n cuando se encuentren con part\u00edculas de di\u00e1metro esf\u00e9rico equivalente igual a la mitad de su longitud de onda.<\/p>\n<p>La incorporaci\u00f3n del caol\u00edn ultramicronizado <strong>Hydrite TS 90<\/strong> en compuestos de masterbatch blanco produce un aumento en la <strong>opacidad<\/strong> de la pel\u00edcula. El tama\u00f1o de part\u00edcula especialmente dise\u00f1ado para este producto crea una sinergia con el di\u00f3xido de titanio mejorando su <strong>dispersi\u00f3n<\/strong>.<\/p>\n<p><a name=\"caucho\"><\/a><\/p>\n<h2>Aplicaciones y productos recomendados para Cauchos<\/h2>\n<p><img decoding=\"async\" class=\"img-responsive img-izquierda img-borde\" src=\"https:\/\/refil.com.ar\/images\/foto-productos-caolin-calcinado-mica-cauchos-1.jpg\" alt=\"Aplicaciones y productos recomendados para Cauchos\" \/><\/p>\n<p>La combinaci\u00f3n del bajo <strong>tama\u00f1o<\/strong> y la forma <strong>laminar<\/strong> de las part\u00edculas de caol\u00edn genera una mejora en el procesamiento y en las <strong>propiedades mec\u00e1nicas<\/strong> tales como resistencia a la tracci\u00f3n, al desgarre y a la abrasi\u00f3n.<\/p>\n<p>La l\u00ednea de caolines ultra laminares <strong>XP 1500<\/strong> tratados superficialmente presenta una excelente rigidez y un balance muy aceptable de propiedades de impacto cuando se aplica en compuestos de Nylon.<\/p>\n<p>Las caracter\u00edsticas altamente laminares de las part\u00edculas de caol\u00edn brindan excelentes propiedades cuando se lo incorpora a compuestos para revestimientos interiores de neum\u00e1ticos (Inner Liner).<\/p>\n<p><img decoding=\"async\" class=\"img-responsive-center img-borde\" src=\"https:\/\/refil.com.ar\/images\/foto-productos-caolin-calcinado-mica-cauchos-2.jpg\" alt=\"Aplicaciones y productos recomendados para Cauchos\" \/><\/p>\n<p>Los caolines <strong>Hydrite SB 100<\/strong> y <strong>SB 60<\/strong> tienen una relaci\u00f3n di\u00e1metro-espesor \u00f3ptima que produce una disminuci\u00f3n de la <strong>permeabilidad<\/strong> de la pel\u00edcula interior, por otra parte, presentan una mejor <strong>resistencia t\u00e9rmica<\/strong> que otras cargas presentes en el mercado.<\/p>\n<p>La silicona es un caucho muy especial desde el punto de vista mec\u00e1nico, es muy d\u00e9bil y es necesario el agregado de alg\u00fan reforzante para su uso. En esta aplicaci\u00f3n, el negro de humo no act\u00faa como reforzante, siendo las s\u00edlices pirog\u00e9nicas el \u00fanico reforzante primario para una gran parte de las aplicaciones. Los principales factores que influyen en el desempe\u00f1o de un buen reforzante son <strong>forma y tama\u00f1o de part\u00edcula<\/strong> y las caracter\u00edsticas qu\u00edmicas de la <strong>superficie<\/strong>.<\/p>\n<p><img decoding=\"async\" class=\"img-responsive-center img-borde\" src=\"https:\/\/refil.com.ar\/images\/foto-productos-caolin-calcinado-mica-cauchos-3.jpg\" alt=\"Aplicaciones y productos recomendados para Cauchos\" \/><\/p>\n<p>Debido a su morfolog\u00eda y grado de molienda, el caol\u00edn ultrafino <strong>Polarite 404 S<\/strong> con superficie pasivada es un excelente <strong>extendedor<\/strong> de s\u00edlice pirog\u00e9nica.<\/p>\n<p><img decoding=\"async\" class=\"img-responsive img-derecha img-borde\" src=\"https:\/\/refil.com.ar\/images\/foto-productos-caolin-calcinado-mica-cauchos-4.jpg\" alt=\"Aplicaciones y productos recomendados para Cauchos\" \/><\/p>\n<p>Las juntas y selladores fabricados con EPDM deben presentar baja compresi\u00f3n en servicio para un sellado eficiente, tener muy buena <strong>resistencia qu\u00edmica<\/strong> a la acci\u00f3n de jabones y detergentes y muy buena <strong>resistencia mec\u00e1nica<\/strong>.<\/p>\n<p><strong>Glomax LL<\/strong> es un caol\u00edn calcinado que tiene excelente desempe\u00f1o como aditivo en selladores para m\u00e1quinas lavadoras presentando muy baja reactividad qu\u00edmica y excelentes propiedades reforzantes.<\/p>\n","protected":false},"excerpt":{"rendered":"<p>Descripci\u00f3n El caol\u00edn, tambi\u00e9n conocido como china clay, es un silicato de aluminio hidratado natural formado hace millones de a\u00f1os [&hellip;]<\/p>\n","protected":false},"author":1,"featured_media":0,"parent":0,"menu_order":0,"comment_status":"closed","ping_status":"closed","template":"","meta":{"site-sidebar-layout":"default","site-content-layout":"","ast-site-content-layout":"default","site-content-style":"default","site-sidebar-style":"default","ast-global-header-display":"","ast-banner-title-visibility":"","ast-main-header-display":"disabled","ast-hfb-above-header-display":"","ast-hfb-below-header-display":"","ast-hfb-mobile-header-display":"disabled","site-post-title":"disabled","ast-breadcrumbs-content":"","ast-featured-img":"","footer-sml-layout":"disabled","theme-transparent-header-meta":"default","adv-header-id-meta":"","stick-header-meta":"","header-above-stick-meta":"","header-main-stick-meta":"","header-below-stick-meta":"","astra-migrate-meta-layouts":"set","ast-page-background-enabled":"default","ast-page-background-meta":{"desktop":{"background-color":"var(--ast-global-color-5)","background-image":"","background-repeat":"repeat","background-position":"center center","background-size":"auto","background-attachment":"scroll","background-type":"","background-media":"","overlay-type":"","overlay-color":"","overlay-opacity":"","overlay-gradient":""},"tablet":{"background-color":"","background-image":"","background-repeat":"repeat","background-position":"center center","background-size":"auto","background-attachment":"scroll","background-type":"","background-media":"","overlay-type":"","overlay-color":"","overlay-opacity":"","overlay-gradient":""},"mobile":{"background-color":"","background-image":"","background-repeat":"repeat","background-position":"center center","background-size":"auto","background-attachment":"scroll","background-type":"","background-media":"","overlay-type":"","overlay-color":"","overlay-opacity":"","overlay-gradient":""}},"ast-content-background-meta":{"desktop":{"background-color":"var(--ast-global-color-4)","background-image":"","background-repeat":"repeat","background-position":"center center","background-size":"auto","background-attachment":"scroll","background-type":"","background-media":"","overlay-type":"","overlay-color":"","overlay-opacity":"","overlay-gradient":""},"tablet":{"background-color":"var(--ast-global-color-4)","background-image":"","background-repeat":"repeat","background-position":"center center","background-size":"auto","background-attachment":"scroll","background-type":"","background-media":"","overlay-type":"","overlay-color":"","overlay-opacity":"","overlay-gradient":""},"mobile":{"background-color":"var(--ast-global-color-4)","background-image":"","background-repeat":"repeat","background-position":"center center","background-size":"auto","background-attachment":"scroll","background-type":"","background-media":"","overlay-type":"","overlay-color":"","overlay-opacity":"","overlay-gradient":""}},"footnotes":""},"class_list":["post-35","page","type-page","status-publish","hentry"],"_links":{"self":[{"href":"https:\/\/refil.com.ar\/test\/wp-json\/wp\/v2\/pages\/35","targetHints":{"allow":["GET"]}}],"collection":[{"href":"https:\/\/refil.com.ar\/test\/wp-json\/wp\/v2\/pages"}],"about":[{"href":"https:\/\/refil.com.ar\/test\/wp-json\/wp\/v2\/types\/page"}],"author":[{"embeddable":true,"href":"https:\/\/refil.com.ar\/test\/wp-json\/wp\/v2\/users\/1"}],"replies":[{"embeddable":true,"href":"https:\/\/refil.com.ar\/test\/wp-json\/wp\/v2\/comments?post=35"}],"version-history":[{"count":1,"href":"https:\/\/refil.com.ar\/test\/wp-json\/wp\/v2\/pages\/35\/revisions"}],"predecessor-version":[{"id":36,"href":"https:\/\/refil.com.ar\/test\/wp-json\/wp\/v2\/pages\/35\/revisions\/36"}],"wp:attachment":[{"href":"https:\/\/refil.com.ar\/test\/wp-json\/wp\/v2\/media?parent=35"}],"curies":[{"name":"wp","href":"https:\/\/api.w.org\/{rel}","templated":true}]}}