{"id":37,"date":"2025-07-29T20:17:38","date_gmt":"2025-07-29T20:17:38","guid":{"rendered":"https:\/\/refil.com.ar\/test\/?page_id=37"},"modified":"2025-07-29T20:17:38","modified_gmt":"2025-07-29T20:17:38","slug":"productos-talco","status":"publish","type":"page","link":"https:\/\/refil.com.ar\/test\/productos-talco\/","title":{"rendered":"Productos Talco"},"content":{"rendered":"<h2>Descripci\u00f3n<\/h2>\n<p>El talco es el mineral conocido m\u00e1s blando de nuestro planeta. Desde el punto de vista qu\u00edmico se trata de silicato de magnesio hidratado cuya f\u00f3rmula es Mg<sub>3<\/sub>Si<sub>4<\/sub>O<sub>10<\/sub>(OH)<sub>2<\/sub>.<\/p>\n<p><img decoding=\"async\" class=\"img-responsive img-borde img-derecha\" src=\"https:\/\/refil.com.ar\/images\/foto-productos-talco-descripcion-1.jpg\" alt=\"Descripci\u00f3n\" \/><\/p>\n<p>Como toda roca natural, generalmente, se encuentra combinado con otros minerales. Los minerales m\u00e1s comunes que se encuentran junto al talco son silicato de magnesio y aluminio hidratado y en menor medida, dolomita y magnesita. La proporci\u00f3n de cada uno de los minerales depende del origen geol\u00f3gico de la roca.<\/p>\n<p>Cada una de las diferentes combinaciones del talco con los minerales asociados, implican propiedades \u00fanicas y definidas, que influyen en las caracter\u00edsticas y desempe\u00f1o del producto final. Por este motivo, la adici\u00f3n del talco se realiza en un amplio rango de productos y de procesos industriales.<\/p>\n<p><a name=\"estructura\"><\/a><\/p>\n<h2>Estructura y Propiedades<\/h2>\n<p>La estructura cristalina b\u00e1sica del talco est\u00e1 compuesta por una capa interior plana de \u00f3xido de magnesio hidratado octa\u00e9drico y dos capas externas de di\u00f3xido de silicio tetra\u00e9drico, cubriendo a la capa anterior. Esta estructura cristalina otorga al talco propiedades de laminaridad, que lo convierten en un mineral de propiedades caracter\u00edsticas y \u00fanicas.<\/p>\n<p><img decoding=\"async\" class=\"img-responsive-center img-borde\" src=\"https:\/\/refil.com.ar\/images\/foto-productos-talco-estructura-1.jpg\" alt=\"Estructura y Propiedades\" \/><\/p>\n<p>La fuerza de la uni\u00f3n entre cada una de las capas que forman una triple placa es fuerte, pero la fuerza de uni\u00f3n entre dos triples capas es muy d\u00e9bil. Esto se debe a que la uni\u00f3n entre \u00f3xido de magnesio y di\u00f3xido de silicio es relativamente fuerte, mientras que la uni\u00f3n entre diferentes mol\u00e9culas de di\u00f3xido de silicio es m\u00e1s d\u00e9bil.<\/p>\n<p>Como consecuencia de la diferencia de intensidad de las uniones actuantes, las plaquetas formadas por cada triple capa se separan entre s\u00ed muy f\u00e1cilmente, dando al talco su caracter\u00edstica blandura. Comparado con otras cargas granulares, los talcos forman plaquetas extremadamente laminares lo que aumenta su \u00e1rea espec\u00edfica.<\/p>\n<p><img decoding=\"async\" class=\"img-responsive img-borde img-derecha\" src=\"https:\/\/refil.com.ar\/images\/foto-productos-talco-estructura-2.jpg\" alt=\"Estructura y Propiedades\" \/>La superficie exterior de cada plaqueta es plana y est\u00e1 formada por di\u00f3xido de silicio tetra\u00e9drico, el cual es qu\u00edmicamente inerte y presenta car\u00e1cter no polar. Esta disposici\u00f3n estructural exterior trae como consecuencia, una muy alta inercia qu\u00edmica del talco, lo que acent\u00faa entre otras cosas, la estabilidad del mismo tanto en medio \u00e1cido como b\u00e1sico.<\/p>\n<p>Por otra parte, la no polaridad del di\u00f3xido de silicio hace que las uniones puente de hidr\u00f3geno y dipolo-dipolo sean nulas, aumentando de manera notable la hidrofobicidad del talco. Los compuestos i\u00f3nicos y las mol\u00e9culas polares no son atra\u00eddas por la superficie del talco. Por el contrario, el car\u00e1cter organof\u00edlico del mineral, posibilita la formaci\u00f3n de uniones d\u00e9biles con algunas resinas.<\/p>\n<p><a name=\"pintura\"><\/a><\/p>\n<h2>Aplicaci\u00f3n en Pintura<\/h2>\n<p>Debido a la <strong>naturaleza hidrof\u00f3bica<\/strong>, a su <strong>inercia qu\u00edmica<\/strong> y a su <strong>estructura laminar<\/strong>, los talcos forman una <strong>barrera<\/strong> efectiva limitando la penetraci\u00f3n en la pel\u00edcula seca de pintura del agua y otros agentes agresivos. Mediante una adecuada orientaci\u00f3n de las part\u00edculas de talco, se aumenta la <strong>resistencia<\/strong> a la corrosi\u00f3n y la <strong>durabilidad<\/strong> de la pintura.<\/p>\n<p><img decoding=\"async\" class=\"img-responsive-center img-borde\" src=\"https:\/\/refil.com.ar\/images\/foto-productos-talco-pintura-1.jpg\" alt=\"Aplicaci\u00f3n en Pintura\" \/><\/p>\n<p>Los <strong>Talcos de Ingenier\u00eda<\/strong> de Imerys act\u00faan como pigmentos minerales anticorrosivos para aplicaciones de mayor exigencia tales como revestimientos industriales y marinos. <strong>Luzenac HAR T 84<\/strong> aumenta significativamente la resistencia a la corrosi\u00f3n cuando se incorpora a formulaciones de pinturas industriales. La l\u00ednea de talcos <strong>Vertal<\/strong> es ideal para aplicaciones en fondos base agua.<\/p>\n<p><img decoding=\"async\" class=\"img-responsive-center img-borde\" src=\"https:\/\/refil.com.ar\/images\/foto-productos-talco-pintura-2.jpg\" alt=\"Aplicaci\u00f3n en Pintura\" \/><\/p>\n<p>La formaci\u00f3n de plaquetas altamente laminares con un <strong>\u00e1rea espec\u00edfica <\/strong>muy elevada facilita la formaci\u00f3n de espacios llenos de aire aumentando la <strong>opacidad<\/strong> de la pel\u00edcula. Adem\u00e1s, las plaquetas act\u00faan como <strong>extendedor<\/strong> de titanio a trav\u00e9s de un mejor espaciado, lo que optimiza la eficiencia del mismo.<\/p>\n<p>El talco ultrafino micronizado <strong>Jetfine 1<\/strong> otorga una excelente opacidad sin disminuir el brillo en pinturas decorativas de bajo y medio PVC. La l\u00ednea de talcos <strong>Vertal<\/strong> mejora la opacidad y la resistencia al manchado en fondos arquitect\u00f3nicos.<\/p>\n<p><img decoding=\"async\" class=\"img-responsive img-borde img-izquierda\" src=\"https:\/\/refil.com.ar\/images\/foto-productos-talco-pintura-3.jpg\" alt=\"Aplicaci\u00f3n en Pintura\" \/>La interacci\u00f3n que se produce entre las part\u00edculas laminares del talco con los diferentes componentes de la pintura aumenta la resistencia a las tensiones que se generan al contraerse la pel\u00edcula durante el proceso de secado. Esta acci\u00f3n previene el agrietamiento mejorando la apariencia y durabilidad de las pinturas.<\/p>\n<p>La l\u00ednea de talcos <strong>Vertal <\/strong>se recomienda con esta finalidad en pinturas arquitect\u00f3nicas.<\/p>\n<p>Esta interacci\u00f3n tambi\u00e9n produce un <strong>efecto reol\u00f3gico<\/strong> notable. Se producen uniones d\u00e9biles entre el talco y los componentes de la pintura lo que aumenta la viscosidad a baja velocidad de corte. Cuando el corte es aplicado, estas uniones se rompen r\u00e1pidamente lo que mejora la viscosidad facilitando la <strong>aplicaci\u00f3n<\/strong> de la pintura. Adem\u00e1s de este efecto, la caracter\u00edstica laminar de las part\u00edculas disminuye el <strong>asentamiento<\/strong> de la pintura en el recipiente.<\/p>\n<p><img decoding=\"async\" class=\"img-responsive img-borde img-derecha\" src=\"https:\/\/refil.com.ar\/images\/foto-productos-talco-pintura-4.jpg\" alt=\"Aplicaci\u00f3n en Pintura\" \/>Para est\u00e1 aplicaci\u00f3n se recomienda el uso del talco micronizado <strong>Mistron Monomix.<\/strong><\/p>\n<p>Seleccionando un talco con una distribuci\u00f3n adecuada de tama\u00f1o de part\u00edcula, se pueden obtener acabados mate o semimate, ya sea en barnices o pinturas de alto y bajo PVC.<\/p>\n<p>Los talcos gruesos <strong>Silverline 202<\/strong> y <strong>Sierralite 252HS<\/strong> son ideales como agentes mateantes en pinturas decorativas de alto PVC. Los productos micronizados tales como <strong>Artic Mist<\/strong> y <strong>Mistron Monomix<\/strong> son excelentes agentes mateantes para pinturas industriales alqu\u00eddicas.<\/p>\n<p><a name=\"plasticos\"><\/a><\/p>\n<h2>Aplicaciones y productos recomendados para pl\u00e1sticos<\/h2>\n<p>La estructura <strong>laminar<\/strong> del talco crea una <strong>barrera<\/strong> para la transmisi\u00f3n de aire o l\u00edquidos en compuestos de diferentes pl\u00e1sticos. De manera general, podemos se\u00f1alar que mientras m\u00e1s laminar sea la part\u00edcula, m\u00e1s efectiva ser\u00e1 la acci\u00f3n de barrera del talco.<\/p>\n<p><img decoding=\"async\" class=\"img-responsive-center img-borde\" src=\"https:\/\/refil.com.ar\/images\/foto-productos-talco-plastico-1.jpg\" alt=\"Aplicaciones y productos recomendados para pl\u00e1sticos\" \/><\/p>\n<p>El talco es una <strong>carga reforzante<\/strong> ideal para compuestos de PP y TPO en aplicaciones donde se requiere mayor <strong>rigidez<\/strong> y un mejor control dimensional en un rango determinado de temperaturas.<\/p>\n<p>En aquellas aplicaciones donde la rigidez es un factor determinante, se recomienda el uso de <strong>Luzenac HAR.<\/strong><\/p>\n<p><img decoding=\"async\" class=\"img-responsive img-borde img-izquierda\" src=\"https:\/\/refil.com.ar\/images\/foto-productos-talco-plastico-2.jpg\" alt=\"Aplicaciones y productos recomendados para pl\u00e1sticos\" \/>Las <strong>caracter\u00edsticas laminares<\/strong> del talco provocan una orientaci\u00f3n \u00f3ptima de las part\u00edculas durante los procesos de inyecci\u00f3n y moldeado, mejorando las propiedades mec\u00e1nicas tales como <strong>resistencia al impacto<\/strong> y al calor, garantizando una adecuada <strong>estabilidad dimensional<\/strong> y un muy bajo coeficiente de expansi\u00f3n t\u00e9rmica.<\/p>\n<p>Se recomienda particularmente el talco ultrafino <strong>Jetfine<\/strong> para aplicaciones donde la resistencia al impacto es un factor cr\u00edtico.<\/p>\n<p>La <strong>neutralidad el\u00e9ctrica<\/strong> y la <strong>hidrofobicidad<\/strong> que presentan las part\u00edculas de talco, junto con la baja adsorci\u00f3n de agua y la ausencia de impurezas i\u00f3nicas, hacen del talco un <strong>aislante<\/strong> ideal en la fabricaci\u00f3n de cables.<\/p>\n<p><img decoding=\"async\" class=\"img-responsive img-borde img-derecha\" src=\"https:\/\/refil.com.ar\/images\/foto-productos-talco-plastico-3.jpg\" alt=\"Aplicaciones y productos recomendados para pl\u00e1sticos\" \/>Los talcos han sido utilizados en formulaciones de <strong>retardantes de llamas<\/strong> halogenados, no halogenados e intumescentes. Tambi\u00e9n pueden ser utilizados para reemplazar parcialmente hidr\u00f3xido de magnesio y aluminio trihidratado reduciendo los costos sin afectar las propiedades de retardante de llama.<\/p>\n<p>Se recomienda el uso de la l\u00ednea de talcos <strong>Luzenac HAR<\/strong> para maximizar el desempe\u00f1o como retardante de llama debido a su adecuada relaci\u00f3n entre espesor de part\u00edcula y di\u00e1metro esf\u00e9rico equivalente.<\/p>\n<p>Los talcos act\u00faan como agentes nucleantes muy efectivos para pol\u00edmeros semicristalinos, tales como PP, biopol\u00edmeros, Poliamidas, Poliester, POM y PBT, donde aumentan la temperatura y velocidad de cristalizaci\u00f3n. En el caso espec\u00edfico del PP, debido a la gran afinidad con los talcos, tambi\u00e9n se optimiza la rigidez y la resistencia al calor y al impacto.<\/p>\n<p><img decoding=\"async\" class=\"img-responsive-center img-borde\" src=\"https:\/\/refil.com.ar\/images\/foto-productos-talco-plastico-4.jpg\" alt=\"Aplicaciones y productos recomendados para pl\u00e1sticos\" \/><\/p>\n<p>Para la nucleaci\u00f3n de PP, se recomienda la l\u00ednea de productos <strong>Jetfine,<\/strong> los que pueden ser adicionados hasta en un 2 % sin afectar la resistencia al impacto.<\/p>\n<p><img decoding=\"async\" class=\"img-responsive img-borde img-izquierda\" src=\"https:\/\/refil.com.ar\/images\/foto-productos-talco-plastico-5.jpg\" alt=\"Aplicaciones y productos recomendados para pl\u00e1sticos\" \/>La incorporaci\u00f3n de talco con una adecuada distribuci\u00f3n de <strong>tama\u00f1o de part\u00edcula<\/strong> en la fabricaci\u00f3n de pel\u00edcula de PE y otros pl\u00e1sticos, provee un \u00f3ptimo balance entre propiedades mec\u00e1nicas y \u00f3pticas, baja absorci\u00f3n de aditivos y muy buen comportamiento como <strong>agente antibloqueo.<\/strong><\/p>\n<p>Los talcos finos son productos ideales para actuar como agente antibloqueo en poliolefinas (LDPE\/LLDPE) y se recomiendan los grados <strong>Mistron AB<\/strong>, <strong>Mistron NT<\/strong> y <strong>Mistron 400 C<\/strong>.<\/p>\n<p><img decoding=\"async\" class=\"img-responsive img-borde img-derecha\" src=\"https:\/\/refil.com.ar\/images\/foto-productos-talco-plastico-6.jpg\" alt=\"Aplicaciones y productos recomendados para pl\u00e1sticos\" \/>Los talcos tambi\u00e9n se utilizan en los procesos de expansi\u00f3n y espumado de pol\u00edmeros con el objetivo de controlar el tama\u00f1o de las celdas. La incorporaci\u00f3n de talco optimiza el crecimiento y la distribuci\u00f3n uniforme de las celdas, lo que es esencial para obtener espumados de alta calidad, disminuir la densidad aparente e incrementar la rigidez del producto expandido.<\/p>\n<p>Para la aplicaci\u00f3n en espumados t\u00edpicos de pl\u00e1sticos en general, se recomienda el uso de talcos con un top cut de 20 micras y muy bajos niveles de carga (1 a 2 %). En el caso de espumados finos y uniformes, se recomienda el uso de talcos m\u00e1s finos incluida la l\u00ednea de talcos submicronicos <strong>Jetfine.<\/strong><\/p>\n<p><a name=\"caucho\"><\/a><\/p>\n<h2>Aplicaciones y productos recomendados para Cauchos<\/h2>\n<p>Los talcos son utilizados como carga reforzante en numerosas aplicaciones de caucho. Debido al car\u00e1cter <strong>organof\u00edlico <\/strong>de las part\u00edculas, existe una marcada <strong>afinidad<\/strong> con los elast\u00f3meros lo que contribuye a la cohesi\u00f3n entre ellos. De este modo, se produce una mejora en la resistencia a la <strong>tracci\u00f3n<\/strong>, m\u00f3dulo de <strong>elongaci\u00f3n<\/strong> y la resistencia al <strong>desgarro<\/strong> de los productos finales.<\/p>\n<p><img decoding=\"async\" class=\"img-responsive-center img-borde\" src=\"https:\/\/refil.com.ar\/images\/foto-productos-talco-cauchos-1.jpg\" alt=\"Aplicaciones y productos recomendados para Cauchos\" \/><\/p>\n<p>El talco microcristalino <strong>Mistron Vapor<\/strong> es altamente recomendado para aplicaciones en caucho.<\/p>\n<p>Las caracter\u00edsticas <strong>laminares<\/strong> y <strong>resbalosa<\/strong> de las part\u00edculas permiten que los talcos act\u00faen como lubricantes externos muy efectivos. Talcos gruesos y muy laminares en polvo son ideales para prevenir la adhesi\u00f3n de caucho no vulcanizado en el desmoldeo de neum\u00e1ticos y en la fabricaci\u00f3n de diferentes art\u00edculos de caucho.<\/p>\n<p>Para esta aplicaci\u00f3n, se recomiendan los talcos <strong>Vertal 92<\/strong> y <strong>Silverline 002.<\/strong><\/p>\n<p>Las part\u00edculas <strong>laminares<\/strong> del talco crean una <strong>barrera<\/strong> impermeable que reduce la penetraci\u00f3n de aire y l\u00edquidos en los compuestos de cauchos. Mientras m\u00e1s laminar sea el talco, mayor efecto barrera se produce.<\/p>\n<p><img decoding=\"async\" class=\"img-responsive-center img-borde\" src=\"https:\/\/refil.com.ar\/images\/foto-productos-talco-cauchos-2.jpg\" alt=\"Aplicaciones y productos recomendados para Cauchos\" \/><\/p>\n<p><img decoding=\"async\" class=\"img-responsive img-borde img-izquierda\" src=\"https:\/\/refil.com.ar\/images\/foto-productos-talco-cauchos-3.jpg\" alt=\"Aplicaciones y productos recomendados para Cauchos\" \/>El talco <strong>Mistron HAR<\/strong> es recomendado para mejorar el efecto barrera en el revestimiento interior de neum\u00e1ticos, mientras que para la aplicaci\u00f3n en tapones, juntas y membranas de cauchos, se recomienda utilizar <strong>Mistron CB.<\/strong><\/p>\n<p><img decoding=\"async\" class=\"img-responsive img-borde img-derecha\" src=\"https:\/\/refil.com.ar\/images\/foto-productos-talco-cauchos-4.jpg\" alt=\"Aplicaciones y productos recomendados para Cauchos\" \/>Por otra parte, las caracter\u00edsticas laminares del talco favorecen el deslizamiento tanto entre las plaquetas y las superficies s\u00f3lidos como entre las plaquetas. De este modo, el talco act\u00faa como lubricante interno y externo. De este modo, se mejora procesabilidad de los compuestos manteniendo las propiedades mec\u00e1nicas y disminuyendo los costos de fabricaci\u00f3n.<\/p>\n<p>Se obtienen importantes mejoras de proceso reemplazando una parte de negro de humo por el talco <strong>Mistron Vapor.<\/strong><\/p>\n<p><a name=\"alimentos\"><\/a><\/p>\n<h2>Aplicaciones y productos recomendados para alimentos<\/h2>\n<p><img decoding=\"async\" class=\"img-responsive img-borde img-izquierda\" src=\"https:\/\/refil.com.ar\/images\/foto-productos-talco-alimentos-1.jpg\" alt=\"Aplicaciones y productos recomendados para alimentos\" \/>Las caracter\u00edsticas <strong>hidrof\u00f3bicas<\/strong>, <strong>organof\u00edlicas<\/strong> y <strong>laminares<\/strong> hacen del talco un excelente agente <strong>antiaglomerante<\/strong> para aquellos productos con tendencia a aglutinarse. Las l\u00e1minas lisas y planas del talco cubren las part\u00edculas de los alimentos ayudando a que \u00e9stas fluyan libremente. Por otra parte, al recubrir las part\u00edculas de los alimentos y debido al car\u00e1cter hidrof\u00f3bico del talco, se crea una barrera que no permite la evaporaci\u00f3n del agua, manteniendo la humedad encapsulada dentro del alimento. Este efecto contribuye a disminuir el apelmazamiento de los productos facilitando su deslizamiento. Esta acci\u00f3n se percibe de manera notoria en alimentos secos, incluido el az\u00facar y en la sal.<\/p>\n<p>Debido a su <strong>naturaleza <\/strong>morfol\u00f3gica, la adici\u00f3n de talcos produce un revestimiento muy eficaz que act\u00faa como agente superficial mejorando la <strong>textura<\/strong> y la <strong>sensaci\u00f3n<\/strong> al momento de ingerir alimentos tales como goma de mascar, dulces, caramelos, etc.<\/p>\n<p><img decoding=\"async\" class=\"img-responsive-center img-borde\" src=\"https:\/\/refil.com.ar\/images\/foto-productos-talco-alimentos-2.jpg\" alt=\"Aplicaciones y productos recomendados para alimentos\" \/><\/p>\n<p>Por tratarse de un producto <strong>blando<\/strong>, <strong>seguro <\/strong>y <strong>organif\u00edlico<\/strong>, el talco se utiliza como <strong>carga<\/strong> y como <strong>portador<\/strong> en suplementos alimenticios tales como vitaminas en pastillas.<\/p>\n<p><img decoding=\"async\" class=\"img-responsive-center img-borde\" src=\"https:\/\/refil.com.ar\/images\/foto-productos-talco-alimentos-3.jpg\" alt=\"Aplicaciones y productos recomendados para alimentos\" \/><\/p>\n<p><img decoding=\"async\" class=\"img-responsive img-borde img-derecha\" src=\"https:\/\/refil.com.ar\/images\/foto-productos-talco-alimentos-4.jpg\" alt=\"Aplicaciones y productos recomendados para alimentos\" \/>En la fabricaci\u00f3n de goma de mascar, el talco es una carga ideal en la fabricaci\u00f3n de goma base, especialmente para producto destinado a sabores frutales \u00e1cidos.<\/p>\n<p>Debido a la alta compatibilidad con las resinas de la goma base, el talco de muy alta pureza <strong>Glacier 400 FCC<\/strong> es altamente recomendado como carga en goma de mascar, obteni\u00e9ndose excelentes propiedades reol\u00f3gicas y una muy buena sensaci\u00f3n en la boca al momento de su consumo.<\/p>\n<p><img decoding=\"async\" class=\"img-responsive img-borde img-izquierda\" src=\"https:\/\/refil.com.ar\/images\/foto-productos-talco-alimentos-5.jpg\" alt=\"Aplicaciones y productos recomendados para alimentos\" \/>En la producci\u00f3n de aceite de oliva, por su naturaleza oleof\u00edlica, el talco atrae y absorbe los emulsionantes que se encuentran en la aceituna, permitiendo una mayor extracci\u00f3n de aceite disminuyendo los niveles de emulsionantes en las aguas residuales. Debido a su inercia qu\u00edmica, la adici\u00f3n del talco no afecta las propiedades qu\u00edmicas de la pasta de aceitunas ni el color y sabor del producto final.<\/p>\n<p>Para esta aplicaci\u00f3n se recomienda el uso de <strong>Talcoliva<\/strong> obteni\u00e9ndose un importante aumento de la cantidad de aceite extra\u00eddo.<\/p>\n","protected":false},"excerpt":{"rendered":"<p>Descripci\u00f3n El talco es el mineral conocido m\u00e1s blando de nuestro planeta. Desde el punto de vista qu\u00edmico se trata [&hellip;]<\/p>\n","protected":false},"author":1,"featured_media":0,"parent":0,"menu_order":0,"comment_status":"closed","ping_status":"closed","template":"","meta":{"site-sidebar-layout":"default","site-content-layout":"","ast-site-content-layout":"default","site-content-style":"default","site-sidebar-style":"default","ast-global-header-display":"","ast-banner-title-visibility":"","ast-main-header-display":"disabled","ast-hfb-above-header-display":"","ast-hfb-below-header-display":"","ast-hfb-mobile-header-display":"disabled","site-post-title":"disabled","ast-breadcrumbs-content":"","ast-featured-img":"","footer-sml-layout":"disabled","theme-transparent-header-meta":"default","adv-header-id-meta":"","stick-header-meta":"","header-above-stick-meta":"","header-main-stick-meta":"","header-below-stick-meta":"","astra-migrate-meta-layouts":"set","ast-page-background-enabled":"default","ast-page-background-meta":{"desktop":{"background-color":"var(--ast-global-color-5)","background-image":"","background-repeat":"repeat","background-position":"center center","background-size":"auto","background-attachment":"scroll","background-type":"","background-media":"","overlay-type":"","overlay-color":"","overlay-opacity":"","overlay-gradient":""},"tablet":{"background-color":"","background-image":"","background-repeat":"repeat","background-position":"center center","background-size":"auto","background-attachment":"scroll","background-type":"","background-media":"","overlay-type":"","overlay-color":"","overlay-opacity":"","overlay-gradient":""},"mobile":{"background-color":"","background-image":"","background-repeat":"repeat","background-position":"center center","background-size":"auto","background-attachment":"scroll","background-type":"","background-media":"","overlay-type":"","overlay-color":"","overlay-opacity":"","overlay-gradient":""}},"ast-content-background-meta":{"desktop":{"background-color":"var(--ast-global-color-4)","background-image":"","background-repeat":"repeat","background-position":"center center","background-size":"auto","background-attachment":"scroll","background-type":"","background-media":"","overlay-type":"","overlay-color":"","overlay-opacity":"","overlay-gradient":""},"tablet":{"background-color":"var(--ast-global-color-4)","background-image":"","background-repeat":"repeat","background-position":"center center","background-size":"auto","background-attachment":"scroll","background-type":"","background-media":"","overlay-type":"","overlay-color":"","overlay-opacity":"","overlay-gradient":""},"mobile":{"background-color":"var(--ast-global-color-4)","background-image":"","background-repeat":"repeat","background-position":"center center","background-size":"auto","background-attachment":"scroll","background-type":"","background-media":"","overlay-type":"","overlay-color":"","overlay-opacity":"","overlay-gradient":""}},"footnotes":""},"class_list":["post-37","page","type-page","status-publish","hentry"],"_links":{"self":[{"href":"https:\/\/refil.com.ar\/test\/wp-json\/wp\/v2\/pages\/37","targetHints":{"allow":["GET"]}}],"collection":[{"href":"https:\/\/refil.com.ar\/test\/wp-json\/wp\/v2\/pages"}],"about":[{"href":"https:\/\/refil.com.ar\/test\/wp-json\/wp\/v2\/types\/page"}],"author":[{"embeddable":true,"href":"https:\/\/refil.com.ar\/test\/wp-json\/wp\/v2\/users\/1"}],"replies":[{"embeddable":true,"href":"https:\/\/refil.com.ar\/test\/wp-json\/wp\/v2\/comments?post=37"}],"version-history":[{"count":1,"href":"https:\/\/refil.com.ar\/test\/wp-json\/wp\/v2\/pages\/37\/revisions"}],"predecessor-version":[{"id":38,"href":"https:\/\/refil.com.ar\/test\/wp-json\/wp\/v2\/pages\/37\/revisions\/38"}],"wp:attachment":[{"href":"https:\/\/refil.com.ar\/test\/wp-json\/wp\/v2\/media?parent=37"}],"curies":[{"name":"wp","href":"https:\/\/api.w.org\/{rel}","templated":true}]}}