{"id":51,"date":"2025-07-29T20:48:30","date_gmt":"2025-07-29T20:48:30","guid":{"rendered":"https:\/\/refil.com.ar\/test\/?page_id=51"},"modified":"2025-07-29T20:48:30","modified_gmt":"2025-07-29T20:48:30","slug":"productos-cartuchos-y-carcasas-osmosis-inversa","status":"publish","type":"page","link":"https:\/\/refil.com.ar\/test\/productos-cartuchos-y-carcasas-osmosis-inversa\/","title":{"rendered":"Productos Cartuchos y Carcasas \/ \u00d3smosis Inversa"},"content":{"rendered":"<h2>Sistema Everpure<sup>TM<\/sup> \u00f3smosis Inversa MRS<\/h2>\n<p><img decoding=\"async\" class=\"img-responsive img-derecha img-borde\" src=\"https:\/\/refil.com.ar\/images\/foto-productos-cartuchos-carcasas-osmosis-inversa-sistema-everpure-1.jpg\" alt=\"Sistema EverpureTM \u00f3smosis Inversa MRS\" \/><\/p>\n<p>Sistema modular para producir \u00f3smosis inversa o agua dosificada m\u00faltiples aplicaciones industriales y alimenticias.<\/p>\n<h3>Propiedades<\/h3>\n<p>&nbsp;<\/p>\n<ul class=\"fa-ul\">\n<li><i class=\"fa fa-li fa-circle-o\"><\/i> Mejora la vida \u00fatil y el funcionamiento de equipos al remover m\u00e1s del 90% de los s\u00f3lidos disueltos que producen las incrustaciones.<\/li>\n<li><i class=\"fa fa-li fa-circle-o\"><\/i> Elimina sabores y olores provocados por contaminantes y elimina impurezas y minerales disueltos que pueden alterar al sabor del agua o de las bebidas.<\/li>\n<li><i class=\"fa fa-li fa-circle-o\"><\/i> El reemplazo de los cartuchos sanitarios es simple, r\u00e1pido y limpio &#8211; las partes internas del filtro no quedan expuestas a contacto o contaminaci\u00f3n.<\/li>\n<li><i class=\"fa fa-li fa-circle-o\"><\/i> Al estar fijado sobre pared permite flexibilidad en la instalaci\u00f3n.<\/li>\n<li><i class=\"fa fa-li fa-circle-o\"><\/i> Reduce la formaci\u00f3n de incrustaciones por sales de calcio que pueden paralizar equipos y aumentar costos de mantenimiento. Adem\u00e1s las incrustaciones aumentan los costos de energ\u00eda.<\/li>\n<li><i class=\"fa fa-li fa-circle-o\"><\/i> Los modelos \u201cCC\u201d re-introducen peque\u00f1as cantidades de minerales en el agua tratada. Esta re-mineralizaci\u00f3n es conveniente para la producci\u00f3n de caf\u00e9 y otras aplicaciones donde se requiere una leve dureza del agua para lograr resultados \u00f3ptimos.<\/li>\n<\/ul>\n<p>&nbsp;<\/p>\n<h3>Medidas Externas<\/h3>\n<p>&nbsp;<\/p>\n<ul class=\"fa-ul\">\n<li><i class=\"fa fa-li fa-circle-o\"><\/i> Alto: 702 mm. Modelo CC: 864 mm.<\/li>\n<li><i class=\"fa fa-li fa-circle-o\"><\/i> Ancho: 381 mm; 521 mm con Prefiltro.<\/li>\n<li><i class=\"fa fa-li fa-circle-o\"><\/i> Espesor: 203 mm.<\/li>\n<li><i class=\"fa fa-li fa-circle-o\"><\/i> Dejar un espacio de 80 mm en los cuatro lados para quitar tapas y permitir acceso.<\/li>\n<\/ul>\n<p>&nbsp;<\/p>\n<h3>Rendimiento<\/h3>\n<p>&nbsp;<\/p>\n<ul class=\"fa-ul\">\n<li><i class=\"fa fa-li fa-circle-o\"><\/i> MRS-225 Y 225 CC: 852 litros diarios (nominal): 35,5 Litros\/hora (nominal)<\/li>\n<li><i class=\"fa fa-li fa-circle-o\"><\/i> MRS \u2013 100 y 100 CC: 380 litros diarios (nominal): 15,8 Litros\/hora (nominal)<\/li>\n<\/ul>\n<p>&nbsp;<\/p>\n<p>&nbsp;<\/p>\n<p><a name=\"4etapas\"><\/a><\/p>\n<h2>\u00d3smosis Inversa de 4 Etapas Modelo RO-2500<\/h2>\n<p><img decoding=\"async\" class=\"img-responsive img-derecha img-borde\" src=\"https:\/\/refil.com.ar\/images\/foto-productos-cartuchos-carcasas-osmosis-inversa-de-4-etapas-modelo-ro-2500-1.jpg\" alt=\"\u00d3smosis Inversa de 4 Etapas Modelo RO-2500\" \/><\/p>\n<h3>Especificaciones<\/h3>\n<p>&nbsp;<\/p>\n<ul class=\"fa-ul\">\n<li><i class=\"fa fa-li fa-circle-o\"><\/i>Membrana: TFM.36<\/li>\n<li><i class=\"fa fa-li fa-circle-o\"><\/i>Presi\u00f3n agua entrada: 40 a 100 psi (2,75-6,9 bar)<\/li>\n<li><i class=\"fa fa-li fa-circle-o\"><\/i>Rango temperatura: 4 a 37,7 \u00baC<\/li>\n<li><i class=\"fa fa-li fa-circle-o\"><\/i>TDS: 2000 ppm<\/li>\n<li><i class=\"fa fa-li fa-circle-o\"><\/i>Dureza m\u00e1xima: 171 mg\/l<\/li>\n<li><i class=\"fa fa-li fa-circle-o\"><\/i>S, Fe y Mg: &lt; 0,1 ppm<\/li>\n<li><i class=\"fa fa-li fa-circle-o\"><\/i>Cloro a la entrada: &lt; 2 ppm<\/li>\n<li><i class=\"fa fa-li fa-circle-o\"><\/i>Capacidad: 44,5 lpd<\/li>\n<li><i class=\"fa fa-li fa-circle-o\"><\/i>TDS rechazo: 92 a 99%<\/li>\n<li><i class=\"fa fa-li fa-circle-o\"><\/i>Turbidez: 5 NTU m\u00e1x<\/li>\n<\/ul>\n<p>&nbsp;<\/p>\n<p>&nbsp;<\/p>\n<p><a name=\"tanques\"><\/a><\/p>\n<h2>Tanques ROmate<sup>TM<\/sup><\/h2>\n<p><img decoding=\"async\" class=\"img-responsive img-derecha img-borde\" src=\"https:\/\/refil.com.ar\/images\/foto-productos-cartuchos-carcasas-osmosis-inversa-tanques-romate-1.jpg\" alt=\"Tanques ROmate TM\" \/><\/p>\n<p>Tanques de alta eficiencia de uso residual y comercial, para procesos de osmosis inversa.<\/p>\n<h3>Descripci\u00f3n<\/h3>\n<p>&nbsp;<\/p>\n<ul class=\"fa-ul\">\n<li><i class=\"fa fa-li fa-circle-o\"><\/i> Los tanques ROmate de Structural, para el almacenaje de agua procesada por osmosis inversa, permiten reducir costos manteniendo la calidad del proceso.<\/li>\n<li><i class=\"fa fa-li fa-circle-o\"><\/i> Dise\u00f1ados especialmente para sistemas de \u00f3smosis inversa, estos tanques presentan muchas ventajas sobre tanques de la competencia por estar fabricados sin costuras y tener la posibilidad de descargar en cualquier posici\u00f3n.<\/li>\n<li><i class=\"fa fa-li fa-circle-o\"><\/i> Los tanques ROmate de Structural tienen 5 a\u00f1os de garant\u00eda.<\/li>\n<\/ul>\n<p>&nbsp;<\/p>\n<h3>Material de Construcci\u00f3n<\/h3>\n<p>&nbsp;<\/p>\n<ul class=\"fa-ul\">\n<li><i class=\"fa fa-li fa-circle-o\"><\/i> RO4 \u2013 Tanque de polipropileno.<\/li>\n<li><i class=\"fa fa-li fa-circle-o\"><\/i> RO15 \u2013 RO80 \u2013 Tanque interior de polipropileno, exterior de fibra de vidrio<\/li>\n<\/ul>\n<p>&nbsp;<\/p>\n<h3>Par\u00e1metros de Operaci\u00f3n<\/h3>\n<p>Presi\u00f3n y temperaturas m\u00e1ximas:<\/p>\n<p>&nbsp;<\/p>\n<ul class=\"fa-ul\">\n<li><i class=\"fa fa-li fa-circle-o\"><\/i> RO4 \u2013 6,8 kg\/cm2 \u2013 38 C<\/li>\n<li><i class=\"fa fa-li fa-circle-o\"><\/i> RO15 \u2013 8,5 kg\/cm2 \u2013 49 C<\/li>\n<\/ul>\n","protected":false},"excerpt":{"rendered":"<p>Sistema EverpureTM \u00f3smosis Inversa MRS Sistema modular para producir \u00f3smosis inversa o agua dosificada m\u00faltiples aplicaciones industriales y alimenticias. Propiedades [&hellip;]<\/p>\n","protected":false},"author":1,"featured_media":0,"parent":0,"menu_order":0,"comment_status":"closed","ping_status":"closed","template":"","meta":{"site-sidebar-layout":"default","site-content-layout":"","ast-site-content-layout":"default","site-content-style":"default","site-sidebar-style":"default","ast-global-header-display":"","ast-banner-title-visibility":"","ast-main-header-display":"disabled","ast-hfb-above-header-display":"","ast-hfb-below-header-display":"","ast-hfb-mobile-header-display":"disabled","site-post-title":"disabled","ast-breadcrumbs-content":"","ast-featured-img":"","footer-sml-layout":"disabled","theme-transparent-header-meta":"default","adv-header-id-meta":"","stick-header-meta":"","header-above-stick-meta":"","header-main-stick-meta":"","header-below-stick-meta":"","astra-migrate-meta-layouts":"set","ast-page-background-enabled":"default","ast-page-background-meta":{"desktop":{"background-color":"var(--ast-global-color-5)","background-image":"","background-repeat":"repeat","background-position":"center center","background-size":"auto","background-attachment":"scroll","background-type":"","background-media":"","overlay-type":"","overlay-color":"","overlay-opacity":"","overlay-gradient":""},"tablet":{"background-color":"","background-image":"","background-repeat":"repeat","background-position":"center center","background-size":"auto","background-attachment":"scroll","background-type":"","background-media":"","overlay-type":"","overlay-color":"","overlay-opacity":"","overlay-gradient":""},"mobile":{"background-color":"","background-image":"","background-repeat":"repeat","background-position":"center center","background-size":"auto","background-attachment":"scroll","background-type":"","background-media":"","overlay-type":"","overlay-color":"","overlay-opacity":"","overlay-gradient":""}},"ast-content-background-meta":{"desktop":{"background-color":"var(--ast-global-color-4)","background-image":"","background-repeat":"repeat","background-position":"center center","background-size":"auto","background-attachment":"scroll","background-type":"","background-media":"","overlay-type":"","overlay-color":"","overlay-opacity":"","overlay-gradient":""},"tablet":{"background-color":"var(--ast-global-color-4)","background-image":"","background-repeat":"repeat","background-position":"center center","background-size":"auto","background-attachment":"scroll","background-type":"","background-media":"","overlay-type":"","overlay-color":"","overlay-opacity":"","overlay-gradient":""},"mobile":{"background-color":"var(--ast-global-color-4)","background-image":"","background-repeat":"repeat","background-position":"center center","background-size":"auto","background-attachment":"scroll","background-type":"","background-media":"","overlay-type":"","overlay-color":"","overlay-opacity":"","overlay-gradient":""}},"footnotes":""},"class_list":["post-51","page","type-page","status-publish","hentry"],"_links":{"self":[{"href":"https:\/\/refil.com.ar\/test\/wp-json\/wp\/v2\/pages\/51","targetHints":{"allow":["GET"]}}],"collection":[{"href":"https:\/\/refil.com.ar\/test\/wp-json\/wp\/v2\/pages"}],"about":[{"href":"https:\/\/refil.com.ar\/test\/wp-json\/wp\/v2\/types\/page"}],"author":[{"embeddable":true,"href":"https:\/\/refil.com.ar\/test\/wp-json\/wp\/v2\/users\/1"}],"replies":[{"embeddable":true,"href":"https:\/\/refil.com.ar\/test\/wp-json\/wp\/v2\/comments?post=51"}],"version-history":[{"count":1,"href":"https:\/\/refil.com.ar\/test\/wp-json\/wp\/v2\/pages\/51\/revisions"}],"predecessor-version":[{"id":52,"href":"https:\/\/refil.com.ar\/test\/wp-json\/wp\/v2\/pages\/51\/revisions\/52"}],"wp:attachment":[{"href":"https:\/\/refil.com.ar\/test\/wp-json\/wp\/v2\/media?parent=51"}],"curies":[{"name":"wp","href":"https:\/\/api.w.org\/{rel}","templated":true}]}}