{"id":53,"date":"2025-07-29T20:51:34","date_gmt":"2025-07-29T20:51:34","guid":{"rendered":"https:\/\/refil.com.ar\/test\/?page_id=53"},"modified":"2025-07-29T20:51:34","modified_gmt":"2025-07-29T20:51:34","slug":"productos-cartuchos-y-carcasas-filtros-ducha-y-filtros-bajo-mesada","status":"publish","type":"page","link":"https:\/\/refil.com.ar\/test\/productos-cartuchos-y-carcasas-filtros-ducha-y-filtros-bajo-mesada\/","title":{"rendered":"Productos Cartuchos y Carcasas \/ Filtros Ducha y Filtros Bajo Mesada"},"content":{"rendered":"<h2>Filtro Ducha<\/h2>\n<p><img decoding=\"async\" class=\"img-responsive img-derecha img-borde\" src=\"https:\/\/refil.com.ar\/images\/foto-productos-cartuchos-carcasas-filtros-ducha-y-filtros-bajo-mesada-filtro-ducha-1.jpg\" alt=\"Filtro Ducha\" \/><\/p>\n<h3>Informaci\u00f3n T\u00e9cnica<\/h3>\n<p>Fabricado en polipropileno, Filtro de Ducha Pentair es f\u00e1cil de instalar, y su aplicaci\u00f3n debe hacerse antes de la ducha. El sistema de filtraci\u00f3n est\u00e1 libre de aditivos qu\u00edmicos e inofensivo para la salud, haciendo que su ba\u00f1o sea m\u00e1s sano y seguro.<\/p>\n<p>&nbsp;<\/p>\n<ul class=\"fa-ul\">\n<li><i class=\"fa fa-li fa-circle-o\"><\/i>Dimensiones: 12,6cm x 9cm x 12,8cm<\/li>\n<li><i class=\"fa fa-li fa-circle-o\"><\/i>Peso Neto del Filtro: 0,490Kg<\/li>\n<li><i class=\"fa fa-li fa-circle-o\"><\/i>Flujo: 240l\/h<\/li>\n<li><i class=\"fa fa-li fa-circle-o\"><\/i>Pres\u00edon: 4mca m\u00edn \/ 40mca Max<\/li>\n<li><i class=\"fa fa-li fa-circle-o\"><\/i>Temperatura m\u00ednima \/ m\u00e1xima de operaci\u00f3n: 5\u00b0C m\u00edn \/ 50\u00b0C m\u00e1x<\/li>\n<li><i class=\"fa fa-li fa-circle-o\"><\/i>Vida de recarga: 06 meses ou 9.000 litros<\/li>\n<li><i class=\"fa fa-li fa-circle-o\"><\/i>La eficiencia en la reducci\u00f3n de cloro libre: Classe I (&gt; 75%)<\/li>\n<li><i class=\"fa fa-li fa-circle-o\"><\/i>Volumen de agua a ser desechados antes del uso: 20 litros<\/li>\n<\/ul>\n<p>&nbsp;<\/p>\n<p>&nbsp;<\/p>\n<p><a name=\"purificador\"><\/a><\/p>\n<h2>Pentair Purificador AS1<\/h2>\n<p><img decoding=\"async\" class=\"img-responsive img-derecha img-borde\" src=\"https:\/\/refil.com.ar\/images\/foto-productos-cartuchos-carcasas-filtros-ducha-y-filtros-bajo-mesada-pentair-purificador-as1-1.jpg\" alt=\"Pentair Purificador AS1\" \/><\/p>\n<p>Purificador para retenci\u00f3n de sedimentos y declorinaci\u00f3n.<\/p>\n<p>&nbsp;<\/p>\n<ul class=\"fa-ul\">\n<li><i class=\"fa fa-li fa-circle-o\"><\/i>Port\u00e1til y de f\u00e1cil instalaci\u00f3n. No necesita energ\u00eda el\u00e9ctrica.<\/li>\n<li><i class=\"fa fa-li fa-circle-o\"><\/i>Posee un filtro de carb\u00f3n activado que permite alta eficiencia en la reducci\u00f3n de Cloro.<\/li>\n<li><i class=\"fa fa-li fa-circle-o\"><\/i>Elemento filtrante descartable. No necesita retrolavado.<\/li>\n<li><i class=\"fa fa-li fa-circle-o\"><\/i>Temperatura de operaci\u00f3n: 5\u00baC a 50\u00baC<\/li>\n<li><i class=\"fa fa-li fa-circle-o\"><\/i>Presi\u00f3n de operaci\u00f3n: 2 mca a 40 mca<\/li>\n<li><i class=\"fa fa-li fa-circle-o\"><\/i>Dimensiones: 120 mm x 260 mm x 343 mm<\/li>\n<li><i class=\"fa fa-li fa-circle-o\"><\/i>Grado de filtraci\u00f3n: 5 micras<\/li>\n<li><i class=\"fa fa-li fa-circle-o\"><\/i>Caudal: 60 l\/h<\/li>\n<li><i class=\"fa fa-li fa-circle-o\"><\/i>Peso con agua: 2,25 kh<\/li>\n<\/ul>\n<p>&nbsp;<\/p>\n<p>&nbsp;<\/p>\n<p>&nbsp;<\/p>\n","protected":false},"excerpt":{"rendered":"<p>Filtro Ducha Informaci\u00f3n T\u00e9cnica Fabricado en polipropileno, Filtro de Ducha Pentair es f\u00e1cil de instalar, y su aplicaci\u00f3n debe hacerse [&hellip;]<\/p>\n","protected":false},"author":1,"featured_media":0,"parent":0,"menu_order":0,"comment_status":"closed","ping_status":"closed","template":"","meta":{"site-sidebar-layout":"default","site-content-layout":"","ast-site-content-layout":"default","site-content-style":"default","site-sidebar-style":"default","ast-global-header-display":"","ast-banner-title-visibility":"","ast-main-header-display":"disabled","ast-hfb-above-header-display":"","ast-hfb-below-header-display":"","ast-hfb-mobile-header-display":"disabled","site-post-title":"disabled","ast-breadcrumbs-content":"","ast-featured-img":"","footer-sml-layout":"disabled","theme-transparent-header-meta":"default","adv-header-id-meta":"","stick-header-meta":"","header-above-stick-meta":"","header-main-stick-meta":"","header-below-stick-meta":"","astra-migrate-meta-layouts":"set","ast-page-background-enabled":"default","ast-page-background-meta":{"desktop":{"background-color":"var(--ast-global-color-5)","background-image":"","background-repeat":"repeat","background-position":"center center","background-size":"auto","background-attachment":"scroll","background-type":"","background-media":"","overlay-type":"","overlay-color":"","overlay-opacity":"","overlay-gradient":""},"tablet":{"background-color":"","background-image":"","background-repeat":"repeat","background-position":"center center","background-size":"auto","background-attachment":"scroll","background-type":"","background-media":"","overlay-type":"","overlay-color":"","overlay-opacity":"","overlay-gradient":""},"mobile":{"background-color":"","background-image":"","background-repeat":"repeat","background-position":"center center","background-size":"auto","background-attachment":"scroll","background-type":"","background-media":"","overlay-type":"","overlay-color":"","overlay-opacity":"","overlay-gradient":""}},"ast-content-background-meta":{"desktop":{"background-color":"var(--ast-global-color-4)","background-image":"","background-repeat":"repeat","background-position":"center center","background-size":"auto","background-attachment":"scroll","background-type":"","background-media":"","overlay-type":"","overlay-color":"","overlay-opacity":"","overlay-gradient":""},"tablet":{"background-color":"var(--ast-global-color-4)","background-image":"","background-repeat":"repeat","background-position":"center center","background-size":"auto","background-attachment":"scroll","background-type":"","background-media":"","overlay-type":"","overlay-color":"","overlay-opacity":"","overlay-gradient":""},"mobile":{"background-color":"var(--ast-global-color-4)","background-image":"","background-repeat":"repeat","background-position":"center center","background-size":"auto","background-attachment":"scroll","background-type":"","background-media":"","overlay-type":"","overlay-color":"","overlay-opacity":"","overlay-gradient":""}},"footnotes":""},"class_list":["post-53","page","type-page","status-publish","hentry"],"_links":{"self":[{"href":"https:\/\/refil.com.ar\/test\/wp-json\/wp\/v2\/pages\/53","targetHints":{"allow":["GET"]}}],"collection":[{"href":"https:\/\/refil.com.ar\/test\/wp-json\/wp\/v2\/pages"}],"about":[{"href":"https:\/\/refil.com.ar\/test\/wp-json\/wp\/v2\/types\/page"}],"author":[{"embeddable":true,"href":"https:\/\/refil.com.ar\/test\/wp-json\/wp\/v2\/users\/1"}],"replies":[{"embeddable":true,"href":"https:\/\/refil.com.ar\/test\/wp-json\/wp\/v2\/comments?post=53"}],"version-history":[{"count":1,"href":"https:\/\/refil.com.ar\/test\/wp-json\/wp\/v2\/pages\/53\/revisions"}],"predecessor-version":[{"id":54,"href":"https:\/\/refil.com.ar\/test\/wp-json\/wp\/v2\/pages\/53\/revisions\/54"}],"wp:attachment":[{"href":"https:\/\/refil.com.ar\/test\/wp-json\/wp\/v2\/media?parent=53"}],"curies":[{"name":"wp","href":"https:\/\/api.w.org\/{rel}","templated":true}]}}