{"id":55,"date":"2025-07-29T20:54:00","date_gmt":"2025-07-29T20:54:00","guid":{"rendered":"https:\/\/refil.com.ar\/test\/?page_id=55"},"modified":"2025-07-29T20:57:24","modified_gmt":"2025-07-29T20:57:24","slug":"productos-cartuchos-y-carcasas-tubos-codeline","status":"publish","type":"page","link":"https:\/\/refil.com.ar\/test\/productos-cartuchos-y-carcasas-tubos-codeline\/","title":{"rendered":"Productos Cartuchos y Carcasas Tubos Codeline"},"content":{"rendered":"<h2>Tubos Codeline<sup>TM<\/sup><\/h2>\n<p><img decoding=\"async\" class=\"img-responsive img-derecha img-borde\" src=\"https:\/\/refil.com.ar\/images\/foto-productos-cartuchos-carcasas-tubos-codeline-1.jpg\" alt=\"Tubos Codeline TM\" \/><\/p>\n<p>Tubos para membranas dise\u00f1ados para maximizar el rendimiento del sistema.<\/p>\n<h3>Descripci\u00f3n<\/h3>\n<p>&nbsp;<\/p>\n<ul class=\"fa-ul\">\n<li><i class=\"fa fa-li fa-circle-o\"><\/i>La exclusiva caracter\u00edstica multiorificios (Serie 80A \u00fanicamente) permite interconectar los recipientes sin necesidad de costosos conectores.<\/li>\n<li><i class=\"fa fa-li fa-circle-o\"><\/i>El sistema de bloqueo r\u00e1pido permite acceder a las membranas en segundos, ahorrando tiempo y dinero.<\/li>\n<li><i class=\"fa fa-li fa-circle-o\"><\/i>Resistencia superior a los choques y a la corrosi\u00f3n gracias a su construcci\u00f3n reforzada con fibra de vidrio.<\/li>\n<li><i class=\"fa fa-li fa-circle-o\"><\/i>Su interior con acabado espejado da como resultado un di\u00e1metro interior preciso e impide la bioincrustaci\u00f3n.<\/li>\n<li><i class=\"fa fa-li fa-circle-o\"><\/i>La envoltura de la fibra de vidrio permite el \u201clagrimeo\u201d de los recipientes, impidiendo as\u00ed las fallas catastr\u00f3ficas.<\/li>\n<\/ul>\n<p>&nbsp;<\/p>\n<h3>Beneficios<\/h3>\n<p>&nbsp;<\/p>\n<ul class=\"fa-ul\">\n<li><i class=\"fa fa-li fa-circle-o\"><\/i>Costo reducido.<\/li>\n<li><i class=\"fa fa-li fa-circle-o\"><\/i>Mayor flexibilidad.<\/li>\n<li><i class=\"fa fa-li fa-circle-o\"><\/i>F\u00e1cil acceso a las membranas.<\/li>\n<li><i class=\"fa fa-li fa-circle-o\"><\/i>Dise\u00f1o simplificado.<\/li>\n<\/ul>\n<p>&nbsp;<\/p>\n<h3>Aplicaciones<\/h3>\n<p>&nbsp;<\/p>\n<ul class=\"fa-ul\">\n<li><i class=\"fa fa-li fa-circle-o\"><\/i>Desalinizaci\u00f3n.<\/li>\n<li><i class=\"fa fa-li fa-circle-o\"><\/i>Industria electr\u00f3nica<\/li>\n<li><i class=\"fa fa-li fa-circle-o\"><\/i>Alimentos y bebidas.<\/li>\n<li><i class=\"fa fa-li fa-circle-o\"><\/i>Procesos industriales.<\/li>\n<li><i class=\"fa fa-li fa-circle-o\"><\/i>Ultrapurificaci\u00f3n de agua.<\/li>\n<li><i class=\"fa fa-li fa-circle-o\"><\/i>Cuidado de la salud.<\/li>\n<\/ul>\n","protected":false},"excerpt":{"rendered":"<p>Tubos CodelineTM Tubos para membranas dise\u00f1ados para maximizar el rendimiento del sistema. Descripci\u00f3n &nbsp; La exclusiva caracter\u00edstica multiorificios (Serie 80A [&hellip;]<\/p>\n","protected":false},"author":1,"featured_media":0,"parent":0,"menu_order":0,"comment_status":"closed","ping_status":"closed","template":"","meta":{"site-sidebar-layout":"default","site-content-layout":"","ast-site-content-layout":"default","site-content-style":"default","site-sidebar-style":"default","ast-global-header-display":"","ast-banner-title-visibility":"","ast-main-header-display":"disabled","ast-hfb-above-header-display":"","ast-hfb-below-header-display":"","ast-hfb-mobile-header-display":"disabled","site-post-title":"disabled","ast-breadcrumbs-content":"","ast-featured-img":"","footer-sml-layout":"disabled","theme-transparent-header-meta":"default","adv-header-id-meta":"","stick-header-meta":"","header-above-stick-meta":"","header-main-stick-meta":"","header-below-stick-meta":"","astra-migrate-meta-layouts":"set","ast-page-background-enabled":"default","ast-page-background-meta":{"desktop":{"background-color":"var(--ast-global-color-5)","background-image":"","background-repeat":"repeat","background-position":"center center","background-size":"auto","background-attachment":"scroll","background-type":"","background-media":"","overlay-type":"","overlay-color":"","overlay-opacity":"","overlay-gradient":""},"tablet":{"background-color":"","background-image":"","background-repeat":"repeat","background-position":"center center","background-size":"auto","background-attachment":"scroll","background-type":"","background-media":"","overlay-type":"","overlay-color":"","overlay-opacity":"","overlay-gradient":""},"mobile":{"background-color":"","background-image":"","background-repeat":"repeat","background-position":"center center","background-size":"auto","background-attachment":"scroll","background-type":"","background-media":"","overlay-type":"","overlay-color":"","overlay-opacity":"","overlay-gradient":""}},"ast-content-background-meta":{"desktop":{"background-color":"var(--ast-global-color-4)","background-image":"","background-repeat":"repeat","background-position":"center center","background-size":"auto","background-attachment":"scroll","background-type":"","background-media":"","overlay-type":"","overlay-color":"","overlay-opacity":"","overlay-gradient":""},"tablet":{"background-color":"var(--ast-global-color-4)","background-image":"","background-repeat":"repeat","background-position":"center center","background-size":"auto","background-attachment":"scroll","background-type":"","background-media":"","overlay-type":"","overlay-color":"","overlay-opacity":"","overlay-gradient":""},"mobile":{"background-color":"var(--ast-global-color-4)","background-image":"","background-repeat":"repeat","background-position":"center center","background-size":"auto","background-attachment":"scroll","background-type":"","background-media":"","overlay-type":"","overlay-color":"","overlay-opacity":"","overlay-gradient":""}},"footnotes":""},"class_list":["post-55","page","type-page","status-publish","hentry"],"_links":{"self":[{"href":"https:\/\/refil.com.ar\/test\/wp-json\/wp\/v2\/pages\/55","targetHints":{"allow":["GET"]}}],"collection":[{"href":"https:\/\/refil.com.ar\/test\/wp-json\/wp\/v2\/pages"}],"about":[{"href":"https:\/\/refil.com.ar\/test\/wp-json\/wp\/v2\/types\/page"}],"author":[{"embeddable":true,"href":"https:\/\/refil.com.ar\/test\/wp-json\/wp\/v2\/users\/1"}],"replies":[{"embeddable":true,"href":"https:\/\/refil.com.ar\/test\/wp-json\/wp\/v2\/comments?post=55"}],"version-history":[{"count":1,"href":"https:\/\/refil.com.ar\/test\/wp-json\/wp\/v2\/pages\/55\/revisions"}],"predecessor-version":[{"id":56,"href":"https:\/\/refil.com.ar\/test\/wp-json\/wp\/v2\/pages\/55\/revisions\/56"}],"wp:attachment":[{"href":"https:\/\/refil.com.ar\/test\/wp-json\/wp\/v2\/media?parent=55"}],"curies":[{"name":"wp","href":"https:\/\/api.w.org\/{rel}","templated":true}]}}