{"id":8,"date":"2025-07-29T19:22:37","date_gmt":"2025-07-29T19:22:37","guid":{"rendered":"https:\/\/refil.com.ar\/test\/?page_id=8"},"modified":"2025-07-30T03:14:44","modified_gmt":"2025-07-30T03:14:44","slug":"empresa","status":"publish","type":"page","link":"https:\/\/refil.com.ar\/test\/empresa\/","title":{"rendered":"EMPRESA"},"content":{"rendered":"<h4>Refil fue fundada en el a\u00f1o 1986 en la Ciudad de Buenos Aires como continuaci\u00f3n de Johns Manville Sudamericana. Comenz\u00f3 comercializando cargas filtrantes Celite y materiales refractarios de Thermal Ceramics \u00a0con los que atend\u00eda los mercados de filtraci\u00f3n de l\u00edquidos y aislaci\u00f3n t\u00e9rmica.<\/h4>\n<p><img decoding=\"async\" class=\"img-responsive-center img-borde\" src=\"https:\/\/refil.com.ar\/images\/foto-empresa-1.jpg\" alt=\"Refil\" \/><\/p>\n<p>Desde un inicio Refil se distingui\u00f3 por su servicio, ofreciendo a sus clientes stock permanente de los productos que comercializa, llegada a todo el pa\u00eds, asesoramiento t\u00e9cnico y actualizaci\u00f3n tecnol\u00f3gica constante. As\u00ed, con el paso de los a\u00f1os, Refil fue incorporando nuevas representaciones tales como Clariant Functional Minerals, Clarimex Carbones Activados, Harborlite Perlitas, Pentair Filtration, Imerys Talc y Kaolin, Imerys Carbonates, Hollbras Filters y Vacuo T\u00e9cnica que le abrieron las puertas a nuevos mercados y unidades de negocios.<\/p>\n<p><img decoding=\"async\" class=\"img-responsive-center img-borde\" src=\"https:\/\/refil.com.ar\/images\/foto-empresa-2.jpg\" alt=\"Refil\" \/><\/p>\n<p>Combinando experiencia, creatividad y atendiendo las necesidades de sus clientes, Refil llega hoy a ser proveedor de las principales industrias de Argentina entre las que se destacan Miner\u00eda, Industria Cervecera, Vitivin\u00edcola, Aceites y Grasas Comestibles, Pinturas, Pl\u00e1sticos, Tratamiento de Agua.<\/p>\n","protected":false},"excerpt":{"rendered":"<p>Refil fue fundada en el a\u00f1o 1986 en la Ciudad de Buenos Aires como continuaci\u00f3n de Johns Manville Sudamericana. Comenz\u00f3 [&hellip;]<\/p>\n","protected":false},"author":1,"featured_media":0,"parent":0,"menu_order":0,"comment_status":"closed","ping_status":"closed","template":"","meta":{"site-sidebar-layout":"no-sidebar","site-content-layout":"","ast-site-content-layout":"full-width-container","site-content-style":"unboxed","site-sidebar-style":"unboxed","ast-global-header-display":"","ast-banner-title-visibility":"disabled","ast-main-header-display":"disabled","ast-hfb-above-header-display":"","ast-hfb-below-header-display":"","ast-hfb-mobile-header-display":"disabled","site-post-title":"disabled","ast-breadcrumbs-content":"disabled","ast-featured-img":"disabled","footer-sml-layout":"disabled","theme-transparent-header-meta":"default","adv-header-id-meta":"","stick-header-meta":"","header-above-stick-meta":"","header-main-stick-meta":"","header-below-stick-meta":"","astra-migrate-meta-layouts":"set","ast-page-background-enabled":"default","ast-page-background-meta":{"desktop":{"background-color":"var(--ast-global-color-5)","background-image":"","background-repeat":"repeat","background-position":"center center","background-size":"auto","background-attachment":"scroll","background-type":"","background-media":"","overlay-type":"","overlay-color":"","overlay-opacity":"","overlay-gradient":""},"tablet":{"background-color":"","background-image":"","background-repeat":"repeat","background-position":"center center","background-size":"auto","background-attachment":"scroll","background-type":"","background-media":"","overlay-type":"","overlay-color":"","overlay-opacity":"","overlay-gradient":""},"mobile":{"background-color":"","background-image":"","background-repeat":"repeat","background-position":"center center","background-size":"auto","background-attachment":"scroll","background-type":"","background-media":"","overlay-type":"","overlay-color":"","overlay-opacity":"","overlay-gradient":""}},"ast-content-background-meta":{"desktop":{"background-color":"var(--ast-global-color-4)","background-image":"","background-repeat":"repeat","background-position":"center center","background-size":"auto","background-attachment":"scroll","background-type":"","background-media":"","overlay-type":"","overlay-color":"","overlay-opacity":"","overlay-gradient":""},"tablet":{"background-color":"var(--ast-global-color-4)","background-image":"","background-repeat":"repeat","background-position":"center center","background-size":"auto","background-attachment":"scroll","background-type":"","background-media":"","overlay-type":"","overlay-color":"","overlay-opacity":"","overlay-gradient":""},"mobile":{"background-color":"var(--ast-global-color-4)","background-image":"","background-repeat":"repeat","background-position":"center center","background-size":"auto","background-attachment":"scroll","background-type":"","background-media":"","overlay-type":"","overlay-color":"","overlay-opacity":"","overlay-gradient":""}},"footnotes":""},"class_list":["post-8","page","type-page","status-publish","hentry"],"_links":{"self":[{"href":"https:\/\/refil.com.ar\/test\/wp-json\/wp\/v2\/pages\/8","targetHints":{"allow":["GET"]}}],"collection":[{"href":"https:\/\/refil.com.ar\/test\/wp-json\/wp\/v2\/pages"}],"about":[{"href":"https:\/\/refil.com.ar\/test\/wp-json\/wp\/v2\/types\/page"}],"author":[{"embeddable":true,"href":"https:\/\/refil.com.ar\/test\/wp-json\/wp\/v2\/users\/1"}],"replies":[{"embeddable":true,"href":"https:\/\/refil.com.ar\/test\/wp-json\/wp\/v2\/comments?post=8"}],"version-history":[{"count":10,"href":"https:\/\/refil.com.ar\/test\/wp-json\/wp\/v2\/pages\/8\/revisions"}],"predecessor-version":[{"id":120,"href":"https:\/\/refil.com.ar\/test\/wp-json\/wp\/v2\/pages\/8\/revisions\/120"}],"wp:attachment":[{"href":"https:\/\/refil.com.ar\/test\/wp-json\/wp\/v2\/media?parent=8"}],"curies":[{"name":"wp","href":"https:\/\/api.w.org\/{rel}","templated":true}]}}